{"id":26231,"date":"2023-11-30T10:21:47","date_gmt":"2023-11-30T09:21:47","guid":{"rendered":"https:\/\/www.balak.sk\/produkt\/herz-%d0%b3%d1%96%d0%b4%d1%80%d0%b0%d0%b2%d0%bb%d1%96%d1%87%d0%bd%d0%b8%d0%b9-%d0%b7%d1%80%d1%96%d0%b2%d0%bd%d1%8e%d0%b2%d0%b0%d1%87-%d1%82%d0%b8%d1%81%d0%ba%d1%83-pumpfix-dn25-%d0%b0%d0%bd%d1%83\/"},"modified":"2025-12-10T03:56:18","modified_gmt":"2025-12-10T02:56:18","slug":"herz-%d0%b3%d1%96%d0%b4%d1%80%d0%b0%d0%b2%d0%bb%d1%96%d1%87%d0%bd%d0%b8%d0%b9-%d0%b7%d1%80%d1%96%d0%b2%d0%bd%d1%8e%d0%b2%d0%b0%d1%87-%d1%82%d0%b8%d1%81%d0%ba%d1%83-pumpfix-dn25-%d0%b0%d0%bd%d1%83","status":"publish","type":"product","link":"https:\/\/www.balak.sk\/uk\/produkt\/herz-%d0%b3%d1%96%d0%b4%d1%80%d0%b0%d0%b2%d0%bb%d1%96%d1%87%d0%bd%d0%b8%d0%b9-%d0%b7%d1%80%d1%96%d0%b2%d0%bd%d1%8e%d0%b2%d0%b0%d1%87-%d1%82%d0%b8%d1%81%d0%ba%d1%83-pumpfix-dn25-%d0%b0%d0%bd%d1%83\/","title":{"rendered":"Herz &#8211; \u0413\u0456\u0434\u0440\u0430\u0432\u043b\u0456\u0447\u043d\u0438\u0439 \u0437\u0440\u0456\u0432\u043d\u044e\u0432\u0430\u0447 \u0442\u0438\u0441\u043a\u0443 Pumpfix DN25 (\u0430\u043d\u0443\u043b\u043e\u0457\u0434\u043d\u0438\u0439)"},"content":{"rendered":"","protected":false},"excerpt":{"rendered":"","protected":false},"featured_media":26232,"template":"","meta":[],"product_brand":[],"product_cat":[2111],"product_tag":[],"class_list":{"0":"post-26231","1":"product","2":"type-product","3":"status-publish","4":"has-post-thumbnail","6":"product_cat-2111","7":"product_shipping_class-parcel","9":"first","10":"instock","11":"sale","12":"taxable","13":"shipping-taxable","14":"product-type-simple"},"yoast_head":"<!-- This site is optimized with the Yoast SEO plugin v26.8 - https:\/\/yoast.com\/product\/yoast-seo-wordpress\/ -->\n<title>Herz - \u0413\u0456\u0434\u0440\u0430\u0432\u043b\u0456\u0447\u043d\u0438\u0439 \u0437\u0440\u0456\u0432\u043d\u044e\u0432\u0430\u0447 \u0442\u0438\u0441\u043a\u0443 Pumpfix DN25 (\u0430\u043d\u0443\u043b\u043e\u0457\u0434\u043d\u0438\u0439) | Balak - ve\u013ekoobchod<\/title>\n<meta name=\"robots\" content=\"index, follow, max-snippet:-1, max-image-preview:large, max-video-preview:-1\" \/>\n<link rel=\"canonical\" href=\"https:\/\/www.balak.sk\/uk\/produkt\/herz-%d0%b3%d1%96%d0%b4%d1%80%d0%b0%d0%b2%d0%bb%d1%96%d1%87%d0%bd%d0%b8%d0%b9-%d0%b7%d1%80%d1%96%d0%b2%d0%bd%d1%8e%d0%b2%d0%b0%d1%87-%d1%82%d0%b8%d1%81%d0%ba%d1%83-pumpfix-dn25-%d0%b0%d0%bd%d1%83\/\" \/>\n<meta property=\"og:locale\" content=\"uk_UA\" \/>\n<meta property=\"og:type\" content=\"article\" \/>\n<meta property=\"og:title\" content=\"Herz - \u0413\u0456\u0434\u0440\u0430\u0432\u043b\u0456\u0447\u043d\u0438\u0439 \u0437\u0440\u0456\u0432\u043d\u044e\u0432\u0430\u0447 \u0442\u0438\u0441\u043a\u0443 Pumpfix DN25 (\u0430\u043d\u0443\u043b\u043e\u0457\u0434\u043d\u0438\u0439) | Balak - ve\u013ekoobchod\" \/>\n<meta property=\"og:url\" content=\"https:\/\/www.balak.sk\/uk\/produkt\/herz-%d0%b3%d1%96%d0%b4%d1%80%d0%b0%d0%b2%d0%bb%d1%96%d1%87%d0%bd%d0%b8%d0%b9-%d0%b7%d1%80%d1%96%d0%b2%d0%bd%d1%8e%d0%b2%d0%b0%d1%87-%d1%82%d0%b8%d1%81%d0%ba%d1%83-pumpfix-dn25-%d0%b0%d0%bd%d1%83\/\" \/>\n<meta property=\"og:site_name\" content=\"Balak\" \/>\n<meta property=\"article:publisher\" content=\"https:\/\/www.facebook.com\/balaksro\" \/>\n<meta property=\"article:modified_time\" content=\"2025-12-10T02:56:18+00:00\" \/>\n<meta property=\"og:image\" content=\"https:\/\/www.balak.sk\/wp-content\/uploads\/2023\/06\/319469.jpg\" \/>\n\t<meta property=\"og:image:width\" content=\"600\" \/>\n\t<meta property=\"og:image:height\" content=\"600\" \/>\n\t<meta property=\"og:image:type\" content=\"image\/jpeg\" \/>\n<meta name=\"twitter:card\" content=\"summary_large_image\" \/>\n<script type=\"application\/ld+json\" class=\"yoast-schema-graph\">{\"@context\":\"https:\/\/schema.org\",\"@graph\":[{\"@type\":\"WebPage\",\"@id\":\"https:\/\/www.balak.sk\/uk\/produkt\/herz-%d0%b3%d1%96%d0%b4%d1%80%d0%b0%d0%b2%d0%bb%d1%96%d1%87%d0%bd%d0%b8%d0%b9-%d0%b7%d1%80%d1%96%d0%b2%d0%bd%d1%8e%d0%b2%d0%b0%d1%87-%d1%82%d0%b8%d1%81%d0%ba%d1%83-pumpfix-dn25-%d0%b0%d0%bd%d1%83\/\",\"url\":\"https:\/\/www.balak.sk\/uk\/produkt\/herz-%d0%b3%d1%96%d0%b4%d1%80%d0%b0%d0%b2%d0%bb%d1%96%d1%87%d0%bd%d0%b8%d0%b9-%d0%b7%d1%80%d1%96%d0%b2%d0%bd%d1%8e%d0%b2%d0%b0%d1%87-%d1%82%d0%b8%d1%81%d0%ba%d1%83-pumpfix-dn25-%d0%b0%d0%bd%d1%83\/\",\"name\":\"Herz - \u0413\u0456\u0434\u0440\u0430\u0432\u043b\u0456\u0447\u043d\u0438\u0439 \u0437\u0440\u0456\u0432\u043d\u044e\u0432\u0430\u0447 \u0442\u0438\u0441\u043a\u0443 Pumpfix DN25 (\u0430\u043d\u0443\u043b\u043e\u0457\u0434\u043d\u0438\u0439) | Balak - ve\u013ekoobchod\",\"isPartOf\":{\"@id\":\"https:\/\/www.balak.sk\/uk\/#website\"},\"primaryImageOfPage\":{\"@id\":\"https:\/\/www.balak.sk\/uk\/produkt\/herz-%d0%b3%d1%96%d0%b4%d1%80%d0%b0%d0%b2%d0%bb%d1%96%d1%87%d0%bd%d0%b8%d0%b9-%d0%b7%d1%80%d1%96%d0%b2%d0%bd%d1%8e%d0%b2%d0%b0%d1%87-%d1%82%d0%b8%d1%81%d0%ba%d1%83-pumpfix-dn25-%d0%b0%d0%bd%d1%83\/#primaryimage\"},\"image\":{\"@id\":\"https:\/\/www.balak.sk\/uk\/produkt\/herz-%d0%b3%d1%96%d0%b4%d1%80%d0%b0%d0%b2%d0%bb%d1%96%d1%87%d0%bd%d0%b8%d0%b9-%d0%b7%d1%80%d1%96%d0%b2%d0%bd%d1%8e%d0%b2%d0%b0%d1%87-%d1%82%d0%b8%d1%81%d0%ba%d1%83-pumpfix-dn25-%d0%b0%d0%bd%d1%83\/#primaryimage\"},\"thumbnailUrl\":\"https:\/\/www.balak.sk\/wp-content\/uploads\/2023\/06\/319469.jpg\",\"datePublished\":\"2023-11-30T09:21:47+00:00\",\"dateModified\":\"2025-12-10T02:56:18+00:00\",\"breadcrumb\":{\"@id\":\"https:\/\/www.balak.sk\/uk\/produkt\/herz-%d0%b3%d1%96%d0%b4%d1%80%d0%b0%d0%b2%d0%bb%d1%96%d1%87%d0%bd%d0%b8%d0%b9-%d0%b7%d1%80%d1%96%d0%b2%d0%bd%d1%8e%d0%b2%d0%b0%d1%87-%d1%82%d0%b8%d1%81%d0%ba%d1%83-pumpfix-dn25-%d0%b0%d0%bd%d1%83\/#breadcrumb\"},\"inLanguage\":\"uk\",\"potentialAction\":[{\"@type\":\"ReadAction\",\"target\":[\"https:\/\/www.balak.sk\/uk\/produkt\/herz-%d0%b3%d1%96%d0%b4%d1%80%d0%b0%d0%b2%d0%bb%d1%96%d1%87%d0%bd%d0%b8%d0%b9-%d0%b7%d1%80%d1%96%d0%b2%d0%bd%d1%8e%d0%b2%d0%b0%d1%87-%d1%82%d0%b8%d1%81%d0%ba%d1%83-pumpfix-dn25-%d0%b0%d0%bd%d1%83\/\"]}]},{\"@type\":\"ImageObject\",\"inLanguage\":\"uk\",\"@id\":\"https:\/\/www.balak.sk\/uk\/produkt\/herz-%d0%b3%d1%96%d0%b4%d1%80%d0%b0%d0%b2%d0%bb%d1%96%d1%87%d0%bd%d0%b8%d0%b9-%d0%b7%d1%80%d1%96%d0%b2%d0%bd%d1%8e%d0%b2%d0%b0%d1%87-%d1%82%d0%b8%d1%81%d0%ba%d1%83-pumpfix-dn25-%d0%b0%d0%bd%d1%83\/#primaryimage\",\"url\":\"https:\/\/www.balak.sk\/wp-content\/uploads\/2023\/06\/319469.jpg\",\"contentUrl\":\"https:\/\/www.balak.sk\/wp-content\/uploads\/2023\/06\/319469.jpg\",\"width\":600,\"height\":600},{\"@type\":\"BreadcrumbList\",\"@id\":\"https:\/\/www.balak.sk\/uk\/produkt\/herz-%d0%b3%d1%96%d0%b4%d1%80%d0%b0%d0%b2%d0%bb%d1%96%d1%87%d0%bd%d0%b8%d0%b9-%d0%b7%d1%80%d1%96%d0%b2%d0%bd%d1%8e%d0%b2%d0%b0%d1%87-%d1%82%d0%b8%d1%81%d0%ba%d1%83-pumpfix-dn25-%d0%b0%d0%bd%d1%83\/#breadcrumb\",\"itemListElement\":[{\"@type\":\"ListItem\",\"position\":1,\"name\":\"Domovsk\u00e1 str\u00e1nka\",\"item\":\"https:\/\/www.balak.sk\/uk\/holovna\/\"},{\"@type\":\"ListItem\",\"position\":2,\"name\":\"\u0406\u043d\u0442\u0435\u0440\u043d\u0435\u0442-\u043c\u0430\u0433\u0430\u0437\u0438\u043d\",\"item\":\"https:\/\/www.balak.sk\/uk\/internet-mahazyn\/\"},{\"@type\":\"ListItem\",\"position\":3,\"name\":\"Herz &#8211; \u0413\u0456\u0434\u0440\u0430\u0432\u043b\u0456\u0447\u043d\u0438\u0439 \u0437\u0440\u0456\u0432\u043d\u044e\u0432\u0430\u0447 \u0442\u0438\u0441\u043a\u0443 Pumpfix DN25 (\u0430\u043d\u0443\u043b\u043e\u0457\u0434\u043d\u0438\u0439)\"}]},{\"@type\":\"WebSite\",\"@id\":\"https:\/\/www.balak.sk\/uk\/#website\",\"url\":\"https:\/\/www.balak.sk\/uk\/\",\"name\":\"Balak s.r.o.\",\"description\":\"\u0160pecializovan\u00fd a profesion\u00e1lny ve\u013ekoobchod\",\"publisher\":{\"@id\":\"https:\/\/www.balak.sk\/uk\/#organization\"},\"alternateName\":\"Ve\u013ekoobchod Balak\",\"potentialAction\":[{\"@type\":\"SearchAction\",\"target\":{\"@type\":\"EntryPoint\",\"urlTemplate\":\"https:\/\/www.balak.sk\/uk\/?s={search_term_string}\"},\"query-input\":{\"@type\":\"PropertyValueSpecification\",\"valueRequired\":true,\"valueName\":\"search_term_string\"}}],\"inLanguage\":\"uk\"},{\"@type\":\"Organization\",\"@id\":\"https:\/\/www.balak.sk\/uk\/#organization\",\"name\":\"Balak s.r.o.\",\"url\":\"https:\/\/www.balak.sk\/uk\/\",\"logo\":{\"@type\":\"ImageObject\",\"inLanguage\":\"uk\",\"@id\":\"https:\/\/www.balak.sk\/uk\/#\/schema\/logo\/image\/\",\"url\":\"https:\/\/www.balak.sk\/wp-content\/uploads\/2023\/05\/Balak-logo-retina.png\",\"contentUrl\":\"https:\/\/www.balak.sk\/wp-content\/uploads\/2023\/05\/Balak-logo-retina.png\",\"width\":340,\"height\":120,\"caption\":\"Balak s.r.o.\"},\"image\":{\"@id\":\"https:\/\/www.balak.sk\/uk\/#\/schema\/logo\/image\/\"},\"sameAs\":[\"https:\/\/www.facebook.com\/balaksro\",\"https:\/\/www.youtube.com\/@balakvelkoobchod3260\",\"https:\/\/www.instagram.com\/balakvelkoobchod\/\"]}]}<\/script>\n<!-- \/ Yoast SEO plugin. -->","yoast_head_json":{"title":"Herz - \u0413\u0456\u0434\u0440\u0430\u0432\u043b\u0456\u0447\u043d\u0438\u0439 \u0437\u0440\u0456\u0432\u043d\u044e\u0432\u0430\u0447 \u0442\u0438\u0441\u043a\u0443 Pumpfix DN25 (\u0430\u043d\u0443\u043b\u043e\u0457\u0434\u043d\u0438\u0439) | Balak - ve\u013ekoobchod","robots":{"index":"index","follow":"follow","max-snippet":"max-snippet:-1","max-image-preview":"max-image-preview:large","max-video-preview":"max-video-preview:-1"},"canonical":"https:\/\/www.balak.sk\/uk\/produkt\/herz-%d0%b3%d1%96%d0%b4%d1%80%d0%b0%d0%b2%d0%bb%d1%96%d1%87%d0%bd%d0%b8%d0%b9-%d0%b7%d1%80%d1%96%d0%b2%d0%bd%d1%8e%d0%b2%d0%b0%d1%87-%d1%82%d0%b8%d1%81%d0%ba%d1%83-pumpfix-dn25-%d0%b0%d0%bd%d1%83\/","og_locale":"uk_UA","og_type":"article","og_title":"Herz - \u0413\u0456\u0434\u0440\u0430\u0432\u043b\u0456\u0447\u043d\u0438\u0439 \u0437\u0440\u0456\u0432\u043d\u044e\u0432\u0430\u0447 \u0442\u0438\u0441\u043a\u0443 Pumpfix DN25 (\u0430\u043d\u0443\u043b\u043e\u0457\u0434\u043d\u0438\u0439) | Balak - ve\u013ekoobchod","og_url":"https:\/\/www.balak.sk\/uk\/produkt\/herz-%d0%b3%d1%96%d0%b4%d1%80%d0%b0%d0%b2%d0%bb%d1%96%d1%87%d0%bd%d0%b8%d0%b9-%d0%b7%d1%80%d1%96%d0%b2%d0%bd%d1%8e%d0%b2%d0%b0%d1%87-%d1%82%d0%b8%d1%81%d0%ba%d1%83-pumpfix-dn25-%d0%b0%d0%bd%d1%83\/","og_site_name":"Balak","article_publisher":"https:\/\/www.facebook.com\/balaksro","article_modified_time":"2025-12-10T02:56:18+00:00","og_image":[{"width":600,"height":600,"url":"https:\/\/www.balak.sk\/wp-content\/uploads\/2023\/06\/319469.jpg","type":"image\/jpeg"}],"twitter_card":"summary_large_image","schema":{"@context":"https:\/\/schema.org","@graph":[{"@type":"WebPage","@id":"https:\/\/www.balak.sk\/uk\/produkt\/herz-%d0%b3%d1%96%d0%b4%d1%80%d0%b0%d0%b2%d0%bb%d1%96%d1%87%d0%bd%d0%b8%d0%b9-%d0%b7%d1%80%d1%96%d0%b2%d0%bd%d1%8e%d0%b2%d0%b0%d1%87-%d1%82%d0%b8%d1%81%d0%ba%d1%83-pumpfix-dn25-%d0%b0%d0%bd%d1%83\/","url":"https:\/\/www.balak.sk\/uk\/produkt\/herz-%d0%b3%d1%96%d0%b4%d1%80%d0%b0%d0%b2%d0%bb%d1%96%d1%87%d0%bd%d0%b8%d0%b9-%d0%b7%d1%80%d1%96%d0%b2%d0%bd%d1%8e%d0%b2%d0%b0%d1%87-%d1%82%d0%b8%d1%81%d0%ba%d1%83-pumpfix-dn25-%d0%b0%d0%bd%d1%83\/","name":"Herz - \u0413\u0456\u0434\u0440\u0430\u0432\u043b\u0456\u0447\u043d\u0438\u0439 \u0437\u0440\u0456\u0432\u043d\u044e\u0432\u0430\u0447 \u0442\u0438\u0441\u043a\u0443 Pumpfix DN25 (\u0430\u043d\u0443\u043b\u043e\u0457\u0434\u043d\u0438\u0439) | Balak - ve\u013ekoobchod","isPartOf":{"@id":"https:\/\/www.balak.sk\/uk\/#website"},"primaryImageOfPage":{"@id":"https:\/\/www.balak.sk\/uk\/produkt\/herz-%d0%b3%d1%96%d0%b4%d1%80%d0%b0%d0%b2%d0%bb%d1%96%d1%87%d0%bd%d0%b8%d0%b9-%d0%b7%d1%80%d1%96%d0%b2%d0%bd%d1%8e%d0%b2%d0%b0%d1%87-%d1%82%d0%b8%d1%81%d0%ba%d1%83-pumpfix-dn25-%d0%b0%d0%bd%d1%83\/#primaryimage"},"image":{"@id":"https:\/\/www.balak.sk\/uk\/produkt\/herz-%d0%b3%d1%96%d0%b4%d1%80%d0%b0%d0%b2%d0%bb%d1%96%d1%87%d0%bd%d0%b8%d0%b9-%d0%b7%d1%80%d1%96%d0%b2%d0%bd%d1%8e%d0%b2%d0%b0%d1%87-%d1%82%d0%b8%d1%81%d0%ba%d1%83-pumpfix-dn25-%d0%b0%d0%bd%d1%83\/#primaryimage"},"thumbnailUrl":"https:\/\/www.balak.sk\/wp-content\/uploads\/2023\/06\/319469.jpg","datePublished":"2023-11-30T09:21:47+00:00","dateModified":"2025-12-10T02:56:18+00:00","breadcrumb":{"@id":"https:\/\/www.balak.sk\/uk\/produkt\/herz-%d0%b3%d1%96%d0%b4%d1%80%d0%b0%d0%b2%d0%bb%d1%96%d1%87%d0%bd%d0%b8%d0%b9-%d0%b7%d1%80%d1%96%d0%b2%d0%bd%d1%8e%d0%b2%d0%b0%d1%87-%d1%82%d0%b8%d1%81%d0%ba%d1%83-pumpfix-dn25-%d0%b0%d0%bd%d1%83\/#breadcrumb"},"inLanguage":"uk","potentialAction":[{"@type":"ReadAction","target":["https:\/\/www.balak.sk\/uk\/produkt\/herz-%d0%b3%d1%96%d0%b4%d1%80%d0%b0%d0%b2%d0%bb%d1%96%d1%87%d0%bd%d0%b8%d0%b9-%d0%b7%d1%80%d1%96%d0%b2%d0%bd%d1%8e%d0%b2%d0%b0%d1%87-%d1%82%d0%b8%d1%81%d0%ba%d1%83-pumpfix-dn25-%d0%b0%d0%bd%d1%83\/"]}]},{"@type":"ImageObject","inLanguage":"uk","@id":"https:\/\/www.balak.sk\/uk\/produkt\/herz-%d0%b3%d1%96%d0%b4%d1%80%d0%b0%d0%b2%d0%bb%d1%96%d1%87%d0%bd%d0%b8%d0%b9-%d0%b7%d1%80%d1%96%d0%b2%d0%bd%d1%8e%d0%b2%d0%b0%d1%87-%d1%82%d0%b8%d1%81%d0%ba%d1%83-pumpfix-dn25-%d0%b0%d0%bd%d1%83\/#primaryimage","url":"https:\/\/www.balak.sk\/wp-content\/uploads\/2023\/06\/319469.jpg","contentUrl":"https:\/\/www.balak.sk\/wp-content\/uploads\/2023\/06\/319469.jpg","width":600,"height":600},{"@type":"BreadcrumbList","@id":"https:\/\/www.balak.sk\/uk\/produkt\/herz-%d0%b3%d1%96%d0%b4%d1%80%d0%b0%d0%b2%d0%bb%d1%96%d1%87%d0%bd%d0%b8%d0%b9-%d0%b7%d1%80%d1%96%d0%b2%d0%bd%d1%8e%d0%b2%d0%b0%d1%87-%d1%82%d0%b8%d1%81%d0%ba%d1%83-pumpfix-dn25-%d0%b0%d0%bd%d1%83\/#breadcrumb","itemListElement":[{"@type":"ListItem","position":1,"name":"Domovsk\u00e1 str\u00e1nka","item":"https:\/\/www.balak.sk\/uk\/holovna\/"},{"@type":"ListItem","position":2,"name":"\u0406\u043d\u0442\u0435\u0440\u043d\u0435\u0442-\u043c\u0430\u0433\u0430\u0437\u0438\u043d","item":"https:\/\/www.balak.sk\/uk\/internet-mahazyn\/"},{"@type":"ListItem","position":3,"name":"Herz &#8211; \u0413\u0456\u0434\u0440\u0430\u0432\u043b\u0456\u0447\u043d\u0438\u0439 \u0437\u0440\u0456\u0432\u043d\u044e\u0432\u0430\u0447 \u0442\u0438\u0441\u043a\u0443 Pumpfix DN25 (\u0430\u043d\u0443\u043b\u043e\u0457\u0434\u043d\u0438\u0439)"}]},{"@type":"WebSite","@id":"https:\/\/www.balak.sk\/uk\/#website","url":"https:\/\/www.balak.sk\/uk\/","name":"Balak s.r.o.","description":"\u0160pecializovan\u00fd a profesion\u00e1lny ve\u013ekoobchod","publisher":{"@id":"https:\/\/www.balak.sk\/uk\/#organization"},"alternateName":"Ve\u013ekoobchod Balak","potentialAction":[{"@type":"SearchAction","target":{"@type":"EntryPoint","urlTemplate":"https:\/\/www.balak.sk\/uk\/?s={search_term_string}"},"query-input":{"@type":"PropertyValueSpecification","valueRequired":true,"valueName":"search_term_string"}}],"inLanguage":"uk"},{"@type":"Organization","@id":"https:\/\/www.balak.sk\/uk\/#organization","name":"Balak s.r.o.","url":"https:\/\/www.balak.sk\/uk\/","logo":{"@type":"ImageObject","inLanguage":"uk","@id":"https:\/\/www.balak.sk\/uk\/#\/schema\/logo\/image\/","url":"https:\/\/www.balak.sk\/wp-content\/uploads\/2023\/05\/Balak-logo-retina.png","contentUrl":"https:\/\/www.balak.sk\/wp-content\/uploads\/2023\/05\/Balak-logo-retina.png","width":340,"height":120,"caption":"Balak s.r.o."},"image":{"@id":"https:\/\/www.balak.sk\/uk\/#\/schema\/logo\/image\/"},"sameAs":["https:\/\/www.facebook.com\/balaksro","https:\/\/www.youtube.com\/@balakvelkoobchod3260","https:\/\/www.instagram.com\/balakvelkoobchod\/"]}]}},"_links":{"self":[{"href":"https:\/\/www.balak.sk\/uk\/wp-json\/wp\/v2\/product\/26231","targetHints":{"allow":["GET"]}}],"collection":[{"href":"https:\/\/www.balak.sk\/uk\/wp-json\/wp\/v2\/product"}],"about":[{"href":"https:\/\/www.balak.sk\/uk\/wp-json\/wp\/v2\/types\/product"}],"wp:featuredmedia":[{"embeddable":true,"href":"https:\/\/www.balak.sk\/uk\/wp-json\/wp\/v2\/media\/26232"}],"wp:attachment":[{"href":"https:\/\/www.balak.sk\/uk\/wp-json\/wp\/v2\/media?parent=26231"}],"wp:term":[{"taxonomy":"product_brand","embeddable":true,"href":"https:\/\/www.balak.sk\/uk\/wp-json\/wp\/v2\/product_brand?post=26231"},{"taxonomy":"product_cat","embeddable":true,"href":"https:\/\/www.balak.sk\/uk\/wp-json\/wp\/v2\/product_cat?post=26231"},{"taxonomy":"product_tag","embeddable":true,"href":"https:\/\/www.balak.sk\/uk\/wp-json\/wp\/v2\/product_tag?post=26231"}],"curies":[{"name":"wp","href":"https:\/\/api.w.org\/{rel}","templated":true}]}}