{"id":22950,"date":"2024-04-12T08:31:16","date_gmt":"2024-04-12T06:31:16","guid":{"rendered":"https:\/\/www.balak.sk\/produkt\/herz-pumpfix-gyujtocso-dn25-3-kor-alakban\/"},"modified":"2025-12-10T06:06:57","modified_gmt":"2025-12-10T05:06:57","slug":"herz-pumpfix-gyujtocso-dn25-3-kor-alakban","status":"publish","type":"product","link":"https:\/\/www.balak.sk\/hu\/produkt\/herz-pumpfix-gyujtocso-dn25-3-kor-alakban\/","title":{"rendered":"Herz &#8211; Pumpfix gy\u0171jt\u0151cs\u0151 DN25 3 k\u00f6r alakban"},"content":{"rendered":"","protected":false},"excerpt":{"rendered":"","protected":false},"featured_media":11681,"template":"","meta":[],"product_brand":[],"product_cat":[2113,816],"product_tag":[],"class_list":{"0":"post-22950","1":"product","2":"type-product","3":"status-publish","4":"has-post-thumbnail","6":"product_cat-szivattyucsoportok-tartozekokkal","7":"product_cat-uncategorized","8":"product_shipping_class-parcel","10":"first","11":"onbackorder","12":"sale","13":"taxable","14":"shipping-taxable","15":"product-type-simple"},"yoast_head":"<!-- This site is optimized with the Yoast SEO plugin v26.8 - https:\/\/yoast.com\/product\/yoast-seo-wordpress\/ -->\n<title>Herz - Pumpfix gy\u0171jt\u0151cs\u0151 DN25 3 k\u00f6r alakban | Balak - ve\u013ekoobchod<\/title>\n<meta name=\"robots\" content=\"index, follow, max-snippet:-1, max-image-preview:large, max-video-preview:-1\" \/>\n<link rel=\"canonical\" href=\"https:\/\/www.balak.sk\/hu\/produkt\/herz-pumpfix-gyujtocso-dn25-3-kor-alakban\/\" \/>\n<meta property=\"og:locale\" content=\"hu_HU\" \/>\n<meta property=\"og:type\" content=\"article\" \/>\n<meta property=\"og:title\" content=\"Herz - Pumpfix gy\u0171jt\u0151cs\u0151 DN25 3 k\u00f6r alakban | Balak - ve\u013ekoobchod\" \/>\n<meta property=\"og:url\" content=\"https:\/\/www.balak.sk\/hu\/produkt\/herz-pumpfix-gyujtocso-dn25-3-kor-alakban\/\" \/>\n<meta property=\"og:site_name\" content=\"Balak\" \/>\n<meta property=\"article:publisher\" content=\"https:\/\/www.facebook.com\/balaksro\" \/>\n<meta property=\"article:modified_time\" content=\"2025-12-10T05:06:57+00:00\" \/>\n<meta property=\"og:image\" content=\"https:\/\/www.balak.sk\/wp-content\/uploads\/2024\/04\/329490.jpg\" \/>\n\t<meta property=\"og:image:width\" content=\"500\" \/>\n\t<meta property=\"og:image:height\" content=\"500\" \/>\n\t<meta property=\"og:image:type\" content=\"image\/jpeg\" \/>\n<meta name=\"twitter:card\" content=\"summary_large_image\" \/>\n<script type=\"application\/ld+json\" class=\"yoast-schema-graph\">{\"@context\":\"https:\/\/schema.org\",\"@graph\":[{\"@type\":\"WebPage\",\"@id\":\"https:\/\/www.balak.sk\/hu\/produkt\/herz-pumpfix-gyujtocso-dn25-3-kor-alakban\/\",\"url\":\"https:\/\/www.balak.sk\/hu\/produkt\/herz-pumpfix-gyujtocso-dn25-3-kor-alakban\/\",\"name\":\"Herz - Pumpfix gy\u0171jt\u0151cs\u0151 DN25 3 k\u00f6r alakban | Balak - ve\u013ekoobchod\",\"isPartOf\":{\"@id\":\"https:\/\/www.balak.sk\/hu\/#website\"},\"primaryImageOfPage\":{\"@id\":\"https:\/\/www.balak.sk\/hu\/produkt\/herz-pumpfix-gyujtocso-dn25-3-kor-alakban\/#primaryimage\"},\"image\":{\"@id\":\"https:\/\/www.balak.sk\/hu\/produkt\/herz-pumpfix-gyujtocso-dn25-3-kor-alakban\/#primaryimage\"},\"thumbnailUrl\":\"https:\/\/www.balak.sk\/wp-content\/uploads\/2024\/04\/329490.jpg\",\"datePublished\":\"2024-04-12T06:31:16+00:00\",\"dateModified\":\"2025-12-10T05:06:57+00:00\",\"breadcrumb\":{\"@id\":\"https:\/\/www.balak.sk\/hu\/produkt\/herz-pumpfix-gyujtocso-dn25-3-kor-alakban\/#breadcrumb\"},\"inLanguage\":\"hu\",\"potentialAction\":[{\"@type\":\"ReadAction\",\"target\":[\"https:\/\/www.balak.sk\/hu\/produkt\/herz-pumpfix-gyujtocso-dn25-3-kor-alakban\/\"]}]},{\"@type\":\"ImageObject\",\"inLanguage\":\"hu\",\"@id\":\"https:\/\/www.balak.sk\/hu\/produkt\/herz-pumpfix-gyujtocso-dn25-3-kor-alakban\/#primaryimage\",\"url\":\"https:\/\/www.balak.sk\/wp-content\/uploads\/2024\/04\/329490.jpg\",\"contentUrl\":\"https:\/\/www.balak.sk\/wp-content\/uploads\/2024\/04\/329490.jpg\",\"width\":500,\"height\":500},{\"@type\":\"BreadcrumbList\",\"@id\":\"https:\/\/www.balak.sk\/hu\/produkt\/herz-pumpfix-gyujtocso-dn25-3-kor-alakban\/#breadcrumb\",\"itemListElement\":[{\"@type\":\"ListItem\",\"position\":1,\"name\":\"Domovsk\u00e1 str\u00e1nka\",\"item\":\"https:\/\/www.balak.sk\/hu\/fooldal\/\"},{\"@type\":\"ListItem\",\"position\":2,\"name\":\"Web\u00e1ruh\u00e1z\",\"item\":\"https:\/\/www.balak.sk\/hu\/webaruhaz\/\"},{\"@type\":\"ListItem\",\"position\":3,\"name\":\"Herz &#8211; Pumpfix gy\u0171jt\u0151cs\u0151 DN25 3 k\u00f6r alakban\"}]},{\"@type\":\"WebSite\",\"@id\":\"https:\/\/www.balak.sk\/hu\/#website\",\"url\":\"https:\/\/www.balak.sk\/hu\/\",\"name\":\"Balak s.r.o.\",\"description\":\"\u0160pecializovan\u00fd a profesion\u00e1lny ve\u013ekoobchod\",\"publisher\":{\"@id\":\"https:\/\/www.balak.sk\/hu\/#organization\"},\"alternateName\":\"Ve\u013ekoobchod Balak\",\"potentialAction\":[{\"@type\":\"SearchAction\",\"target\":{\"@type\":\"EntryPoint\",\"urlTemplate\":\"https:\/\/www.balak.sk\/hu\/?s={search_term_string}\"},\"query-input\":{\"@type\":\"PropertyValueSpecification\",\"valueRequired\":true,\"valueName\":\"search_term_string\"}}],\"inLanguage\":\"hu\"},{\"@type\":\"Organization\",\"@id\":\"https:\/\/www.balak.sk\/hu\/#organization\",\"name\":\"Balak s.r.o.\",\"url\":\"https:\/\/www.balak.sk\/hu\/\",\"logo\":{\"@type\":\"ImageObject\",\"inLanguage\":\"hu\",\"@id\":\"https:\/\/www.balak.sk\/hu\/#\/schema\/logo\/image\/\",\"url\":\"https:\/\/www.balak.sk\/wp-content\/uploads\/2023\/05\/Balak-logo-retina.png\",\"contentUrl\":\"https:\/\/www.balak.sk\/wp-content\/uploads\/2023\/05\/Balak-logo-retina.png\",\"width\":340,\"height\":120,\"caption\":\"Balak s.r.o.\"},\"image\":{\"@id\":\"https:\/\/www.balak.sk\/hu\/#\/schema\/logo\/image\/\"},\"sameAs\":[\"https:\/\/www.facebook.com\/balaksro\",\"https:\/\/www.youtube.com\/@balakvelkoobchod3260\",\"https:\/\/www.instagram.com\/balakvelkoobchod\/\"]}]}<\/script>\n<!-- \/ Yoast SEO plugin. -->","yoast_head_json":{"title":"Herz - Pumpfix gy\u0171jt\u0151cs\u0151 DN25 3 k\u00f6r alakban | Balak - ve\u013ekoobchod","robots":{"index":"index","follow":"follow","max-snippet":"max-snippet:-1","max-image-preview":"max-image-preview:large","max-video-preview":"max-video-preview:-1"},"canonical":"https:\/\/www.balak.sk\/hu\/produkt\/herz-pumpfix-gyujtocso-dn25-3-kor-alakban\/","og_locale":"hu_HU","og_type":"article","og_title":"Herz - Pumpfix gy\u0171jt\u0151cs\u0151 DN25 3 k\u00f6r alakban | Balak - ve\u013ekoobchod","og_url":"https:\/\/www.balak.sk\/hu\/produkt\/herz-pumpfix-gyujtocso-dn25-3-kor-alakban\/","og_site_name":"Balak","article_publisher":"https:\/\/www.facebook.com\/balaksro","article_modified_time":"2025-12-10T05:06:57+00:00","og_image":[{"width":500,"height":500,"url":"https:\/\/www.balak.sk\/wp-content\/uploads\/2024\/04\/329490.jpg","type":"image\/jpeg"}],"twitter_card":"summary_large_image","schema":{"@context":"https:\/\/schema.org","@graph":[{"@type":"WebPage","@id":"https:\/\/www.balak.sk\/hu\/produkt\/herz-pumpfix-gyujtocso-dn25-3-kor-alakban\/","url":"https:\/\/www.balak.sk\/hu\/produkt\/herz-pumpfix-gyujtocso-dn25-3-kor-alakban\/","name":"Herz - Pumpfix gy\u0171jt\u0151cs\u0151 DN25 3 k\u00f6r alakban | Balak - ve\u013ekoobchod","isPartOf":{"@id":"https:\/\/www.balak.sk\/hu\/#website"},"primaryImageOfPage":{"@id":"https:\/\/www.balak.sk\/hu\/produkt\/herz-pumpfix-gyujtocso-dn25-3-kor-alakban\/#primaryimage"},"image":{"@id":"https:\/\/www.balak.sk\/hu\/produkt\/herz-pumpfix-gyujtocso-dn25-3-kor-alakban\/#primaryimage"},"thumbnailUrl":"https:\/\/www.balak.sk\/wp-content\/uploads\/2024\/04\/329490.jpg","datePublished":"2024-04-12T06:31:16+00:00","dateModified":"2025-12-10T05:06:57+00:00","breadcrumb":{"@id":"https:\/\/www.balak.sk\/hu\/produkt\/herz-pumpfix-gyujtocso-dn25-3-kor-alakban\/#breadcrumb"},"inLanguage":"hu","potentialAction":[{"@type":"ReadAction","target":["https:\/\/www.balak.sk\/hu\/produkt\/herz-pumpfix-gyujtocso-dn25-3-kor-alakban\/"]}]},{"@type":"ImageObject","inLanguage":"hu","@id":"https:\/\/www.balak.sk\/hu\/produkt\/herz-pumpfix-gyujtocso-dn25-3-kor-alakban\/#primaryimage","url":"https:\/\/www.balak.sk\/wp-content\/uploads\/2024\/04\/329490.jpg","contentUrl":"https:\/\/www.balak.sk\/wp-content\/uploads\/2024\/04\/329490.jpg","width":500,"height":500},{"@type":"BreadcrumbList","@id":"https:\/\/www.balak.sk\/hu\/produkt\/herz-pumpfix-gyujtocso-dn25-3-kor-alakban\/#breadcrumb","itemListElement":[{"@type":"ListItem","position":1,"name":"Domovsk\u00e1 str\u00e1nka","item":"https:\/\/www.balak.sk\/hu\/fooldal\/"},{"@type":"ListItem","position":2,"name":"Web\u00e1ruh\u00e1z","item":"https:\/\/www.balak.sk\/hu\/webaruhaz\/"},{"@type":"ListItem","position":3,"name":"Herz &#8211; Pumpfix gy\u0171jt\u0151cs\u0151 DN25 3 k\u00f6r alakban"}]},{"@type":"WebSite","@id":"https:\/\/www.balak.sk\/hu\/#website","url":"https:\/\/www.balak.sk\/hu\/","name":"Balak s.r.o.","description":"\u0160pecializovan\u00fd a profesion\u00e1lny ve\u013ekoobchod","publisher":{"@id":"https:\/\/www.balak.sk\/hu\/#organization"},"alternateName":"Ve\u013ekoobchod Balak","potentialAction":[{"@type":"SearchAction","target":{"@type":"EntryPoint","urlTemplate":"https:\/\/www.balak.sk\/hu\/?s={search_term_string}"},"query-input":{"@type":"PropertyValueSpecification","valueRequired":true,"valueName":"search_term_string"}}],"inLanguage":"hu"},{"@type":"Organization","@id":"https:\/\/www.balak.sk\/hu\/#organization","name":"Balak s.r.o.","url":"https:\/\/www.balak.sk\/hu\/","logo":{"@type":"ImageObject","inLanguage":"hu","@id":"https:\/\/www.balak.sk\/hu\/#\/schema\/logo\/image\/","url":"https:\/\/www.balak.sk\/wp-content\/uploads\/2023\/05\/Balak-logo-retina.png","contentUrl":"https:\/\/www.balak.sk\/wp-content\/uploads\/2023\/05\/Balak-logo-retina.png","width":340,"height":120,"caption":"Balak s.r.o."},"image":{"@id":"https:\/\/www.balak.sk\/hu\/#\/schema\/logo\/image\/"},"sameAs":["https:\/\/www.facebook.com\/balaksro","https:\/\/www.youtube.com\/@balakvelkoobchod3260","https:\/\/www.instagram.com\/balakvelkoobchod\/"]}]}},"_links":{"self":[{"href":"https:\/\/www.balak.sk\/hu\/wp-json\/wp\/v2\/product\/22950","targetHints":{"allow":["GET"]}}],"collection":[{"href":"https:\/\/www.balak.sk\/hu\/wp-json\/wp\/v2\/product"}],"about":[{"href":"https:\/\/www.balak.sk\/hu\/wp-json\/wp\/v2\/types\/product"}],"wp:featuredmedia":[{"embeddable":true,"href":"https:\/\/www.balak.sk\/hu\/wp-json\/wp\/v2\/media\/11681"}],"wp:attachment":[{"href":"https:\/\/www.balak.sk\/hu\/wp-json\/wp\/v2\/media?parent=22950"}],"wp:term":[{"taxonomy":"product_brand","embeddable":true,"href":"https:\/\/www.balak.sk\/hu\/wp-json\/wp\/v2\/product_brand?post=22950"},{"taxonomy":"product_cat","embeddable":true,"href":"https:\/\/www.balak.sk\/hu\/wp-json\/wp\/v2\/product_cat?post=22950"},{"taxonomy":"product_tag","embeddable":true,"href":"https:\/\/www.balak.sk\/hu\/wp-json\/wp\/v2\/product_tag?post=22950"}],"curies":[{"name":"wp","href":"https:\/\/api.w.org\/{rel}","templated":true}]}}