{"id":22405,"date":"2023-09-01T18:54:27","date_gmt":"2023-09-01T16:54:27","guid":{"rendered":"https:\/\/www.balak.sk\/produkt\/hoszivattyu-lg-therma-v-split-hydro-kit-230v-4-6kw-tarolo-tartaly-200l-belteri-egyseg\/"},"modified":"2025-12-10T06:06:54","modified_gmt":"2025-12-10T05:06:54","slug":"hoszivattyu-lg-therma-v-split-hydro-kit-230v-4-6kw-tarolo-tartaly-200l-belteri-egyseg","status":"publish","type":"product","link":"https:\/\/www.balak.sk\/hu\/produkt\/hoszivattyu-lg-therma-v-split-hydro-kit-230v-4-6kw-tarolo-tartaly-200l-belteri-egyseg\/","title":{"rendered":"H\u0151szivatty\u00fa LG THERMA V, SPLIT Hydro Kit 230V 4-6kW, t\u00e1rol\u00f3 tart\u00e1ly 200L, belt\u00e9ri egys\u00e9g"},"content":{"rendered":"","protected":false},"excerpt":{"rendered":"","protected":false},"featured_media":22407,"template":"","meta":[],"product_brand":[],"product_cat":[2078],"product_tag":[],"class_list":{"0":"post-22405","1":"product","2":"type-product","3":"status-publish","4":"has-post-thumbnail","6":"product_cat-lg-hoszivattyu","7":"product_shipping_class-vendeg-hatar","9":"first","10":"onbackorder","11":"sale","12":"taxable","13":"shipping-taxable","14":"product-type-simple"},"yoast_head":"<!-- This site is optimized with the Yoast SEO plugin v26.8 - https:\/\/yoast.com\/product\/yoast-seo-wordpress\/ -->\n<title>H\u0151szivatty\u00fa LG THERMA V, SPLIT Hydro Kit 230V 4-6kW, t\u00e1rol\u00f3 tart\u00e1ly 200L, belt\u00e9ri egys\u00e9g | Balak - ve\u013ekoobchod<\/title>\n<meta name=\"robots\" content=\"index, follow, max-snippet:-1, max-image-preview:large, max-video-preview:-1\" \/>\n<link rel=\"canonical\" href=\"https:\/\/www.balak.sk\/hu\/produkt\/hoszivattyu-lg-therma-v-split-hydro-kit-230v-4-6kw-tarolo-tartaly-200l-belteri-egyseg\/\" \/>\n<meta property=\"og:locale\" content=\"hu_HU\" \/>\n<meta property=\"og:type\" content=\"article\" \/>\n<meta property=\"og:title\" content=\"H\u0151szivatty\u00fa LG THERMA V, SPLIT Hydro Kit 230V 4-6kW, t\u00e1rol\u00f3 tart\u00e1ly 200L, belt\u00e9ri egys\u00e9g | Balak - ve\u013ekoobchod\" \/>\n<meta property=\"og:url\" content=\"https:\/\/www.balak.sk\/hu\/produkt\/hoszivattyu-lg-therma-v-split-hydro-kit-230v-4-6kw-tarolo-tartaly-200l-belteri-egyseg\/\" \/>\n<meta property=\"og:site_name\" content=\"Balak\" \/>\n<meta property=\"article:publisher\" content=\"https:\/\/www.facebook.com\/balaksro\" \/>\n<meta property=\"article:modified_time\" content=\"2025-12-10T05:06:54+00:00\" \/>\n<meta property=\"og:image\" content=\"https:\/\/www.balak.sk\/wp-content\/uploads\/2023\/09\/323048.jpg\" \/>\n\t<meta property=\"og:image:width\" content=\"500\" \/>\n\t<meta property=\"og:image:height\" content=\"500\" \/>\n\t<meta property=\"og:image:type\" content=\"image\/jpeg\" \/>\n<meta name=\"twitter:card\" content=\"summary_large_image\" \/>\n<script type=\"application\/ld+json\" class=\"yoast-schema-graph\">{\"@context\":\"https:\/\/schema.org\",\"@graph\":[{\"@type\":\"WebPage\",\"@id\":\"https:\/\/www.balak.sk\/hu\/produkt\/hoszivattyu-lg-therma-v-split-hydro-kit-230v-4-6kw-tarolo-tartaly-200l-belteri-egyseg\/\",\"url\":\"https:\/\/www.balak.sk\/hu\/produkt\/hoszivattyu-lg-therma-v-split-hydro-kit-230v-4-6kw-tarolo-tartaly-200l-belteri-egyseg\/\",\"name\":\"H\u0151szivatty\u00fa LG THERMA V, SPLIT Hydro Kit 230V 4-6kW, t\u00e1rol\u00f3 tart\u00e1ly 200L, belt\u00e9ri egys\u00e9g | Balak - ve\u013ekoobchod\",\"isPartOf\":{\"@id\":\"https:\/\/www.balak.sk\/hu\/#website\"},\"primaryImageOfPage\":{\"@id\":\"https:\/\/www.balak.sk\/hu\/produkt\/hoszivattyu-lg-therma-v-split-hydro-kit-230v-4-6kw-tarolo-tartaly-200l-belteri-egyseg\/#primaryimage\"},\"image\":{\"@id\":\"https:\/\/www.balak.sk\/hu\/produkt\/hoszivattyu-lg-therma-v-split-hydro-kit-230v-4-6kw-tarolo-tartaly-200l-belteri-egyseg\/#primaryimage\"},\"thumbnailUrl\":\"https:\/\/www.balak.sk\/wp-content\/uploads\/2023\/09\/323048.jpg\",\"datePublished\":\"2023-09-01T16:54:27+00:00\",\"dateModified\":\"2025-12-10T05:06:54+00:00\",\"breadcrumb\":{\"@id\":\"https:\/\/www.balak.sk\/hu\/produkt\/hoszivattyu-lg-therma-v-split-hydro-kit-230v-4-6kw-tarolo-tartaly-200l-belteri-egyseg\/#breadcrumb\"},\"inLanguage\":\"hu\",\"potentialAction\":[{\"@type\":\"ReadAction\",\"target\":[\"https:\/\/www.balak.sk\/hu\/produkt\/hoszivattyu-lg-therma-v-split-hydro-kit-230v-4-6kw-tarolo-tartaly-200l-belteri-egyseg\/\"]}]},{\"@type\":\"ImageObject\",\"inLanguage\":\"hu\",\"@id\":\"https:\/\/www.balak.sk\/hu\/produkt\/hoszivattyu-lg-therma-v-split-hydro-kit-230v-4-6kw-tarolo-tartaly-200l-belteri-egyseg\/#primaryimage\",\"url\":\"https:\/\/www.balak.sk\/wp-content\/uploads\/2023\/09\/323048.jpg\",\"contentUrl\":\"https:\/\/www.balak.sk\/wp-content\/uploads\/2023\/09\/323048.jpg\",\"width\":500,\"height\":500},{\"@type\":\"BreadcrumbList\",\"@id\":\"https:\/\/www.balak.sk\/hu\/produkt\/hoszivattyu-lg-therma-v-split-hydro-kit-230v-4-6kw-tarolo-tartaly-200l-belteri-egyseg\/#breadcrumb\",\"itemListElement\":[{\"@type\":\"ListItem\",\"position\":1,\"name\":\"Domovsk\u00e1 str\u00e1nka\",\"item\":\"https:\/\/www.balak.sk\/hu\/fooldal\/\"},{\"@type\":\"ListItem\",\"position\":2,\"name\":\"Web\u00e1ruh\u00e1z\",\"item\":\"https:\/\/www.balak.sk\/hu\/webaruhaz\/\"},{\"@type\":\"ListItem\",\"position\":3,\"name\":\"H\u0151szivatty\u00fa LG THERMA V, SPLIT Hydro Kit 230V 4-6kW, t\u00e1rol\u00f3 tart\u00e1ly 200L, belt\u00e9ri egys\u00e9g\"}]},{\"@type\":\"WebSite\",\"@id\":\"https:\/\/www.balak.sk\/hu\/#website\",\"url\":\"https:\/\/www.balak.sk\/hu\/\",\"name\":\"Balak s.r.o.\",\"description\":\"\u0160pecializovan\u00fd a profesion\u00e1lny ve\u013ekoobchod\",\"publisher\":{\"@id\":\"https:\/\/www.balak.sk\/hu\/#organization\"},\"alternateName\":\"Ve\u013ekoobchod Balak\",\"potentialAction\":[{\"@type\":\"SearchAction\",\"target\":{\"@type\":\"EntryPoint\",\"urlTemplate\":\"https:\/\/www.balak.sk\/hu\/?s={search_term_string}\"},\"query-input\":{\"@type\":\"PropertyValueSpecification\",\"valueRequired\":true,\"valueName\":\"search_term_string\"}}],\"inLanguage\":\"hu\"},{\"@type\":\"Organization\",\"@id\":\"https:\/\/www.balak.sk\/hu\/#organization\",\"name\":\"Balak s.r.o.\",\"url\":\"https:\/\/www.balak.sk\/hu\/\",\"logo\":{\"@type\":\"ImageObject\",\"inLanguage\":\"hu\",\"@id\":\"https:\/\/www.balak.sk\/hu\/#\/schema\/logo\/image\/\",\"url\":\"https:\/\/www.balak.sk\/wp-content\/uploads\/2023\/05\/Balak-logo-retina.png\",\"contentUrl\":\"https:\/\/www.balak.sk\/wp-content\/uploads\/2023\/05\/Balak-logo-retina.png\",\"width\":340,\"height\":120,\"caption\":\"Balak s.r.o.\"},\"image\":{\"@id\":\"https:\/\/www.balak.sk\/hu\/#\/schema\/logo\/image\/\"},\"sameAs\":[\"https:\/\/www.facebook.com\/balaksro\",\"https:\/\/www.youtube.com\/@balakvelkoobchod3260\",\"https:\/\/www.instagram.com\/balakvelkoobchod\/\"]}]}<\/script>\n<!-- \/ Yoast SEO plugin. -->","yoast_head_json":{"title":"H\u0151szivatty\u00fa LG THERMA V, SPLIT Hydro Kit 230V 4-6kW, t\u00e1rol\u00f3 tart\u00e1ly 200L, belt\u00e9ri egys\u00e9g | Balak - ve\u013ekoobchod","robots":{"index":"index","follow":"follow","max-snippet":"max-snippet:-1","max-image-preview":"max-image-preview:large","max-video-preview":"max-video-preview:-1"},"canonical":"https:\/\/www.balak.sk\/hu\/produkt\/hoszivattyu-lg-therma-v-split-hydro-kit-230v-4-6kw-tarolo-tartaly-200l-belteri-egyseg\/","og_locale":"hu_HU","og_type":"article","og_title":"H\u0151szivatty\u00fa LG THERMA V, SPLIT Hydro Kit 230V 4-6kW, t\u00e1rol\u00f3 tart\u00e1ly 200L, belt\u00e9ri egys\u00e9g | Balak - ve\u013ekoobchod","og_url":"https:\/\/www.balak.sk\/hu\/produkt\/hoszivattyu-lg-therma-v-split-hydro-kit-230v-4-6kw-tarolo-tartaly-200l-belteri-egyseg\/","og_site_name":"Balak","article_publisher":"https:\/\/www.facebook.com\/balaksro","article_modified_time":"2025-12-10T05:06:54+00:00","og_image":[{"width":500,"height":500,"url":"https:\/\/www.balak.sk\/wp-content\/uploads\/2023\/09\/323048.jpg","type":"image\/jpeg"}],"twitter_card":"summary_large_image","schema":{"@context":"https:\/\/schema.org","@graph":[{"@type":"WebPage","@id":"https:\/\/www.balak.sk\/hu\/produkt\/hoszivattyu-lg-therma-v-split-hydro-kit-230v-4-6kw-tarolo-tartaly-200l-belteri-egyseg\/","url":"https:\/\/www.balak.sk\/hu\/produkt\/hoszivattyu-lg-therma-v-split-hydro-kit-230v-4-6kw-tarolo-tartaly-200l-belteri-egyseg\/","name":"H\u0151szivatty\u00fa LG THERMA V, SPLIT Hydro Kit 230V 4-6kW, t\u00e1rol\u00f3 tart\u00e1ly 200L, belt\u00e9ri egys\u00e9g | Balak - ve\u013ekoobchod","isPartOf":{"@id":"https:\/\/www.balak.sk\/hu\/#website"},"primaryImageOfPage":{"@id":"https:\/\/www.balak.sk\/hu\/produkt\/hoszivattyu-lg-therma-v-split-hydro-kit-230v-4-6kw-tarolo-tartaly-200l-belteri-egyseg\/#primaryimage"},"image":{"@id":"https:\/\/www.balak.sk\/hu\/produkt\/hoszivattyu-lg-therma-v-split-hydro-kit-230v-4-6kw-tarolo-tartaly-200l-belteri-egyseg\/#primaryimage"},"thumbnailUrl":"https:\/\/www.balak.sk\/wp-content\/uploads\/2023\/09\/323048.jpg","datePublished":"2023-09-01T16:54:27+00:00","dateModified":"2025-12-10T05:06:54+00:00","breadcrumb":{"@id":"https:\/\/www.balak.sk\/hu\/produkt\/hoszivattyu-lg-therma-v-split-hydro-kit-230v-4-6kw-tarolo-tartaly-200l-belteri-egyseg\/#breadcrumb"},"inLanguage":"hu","potentialAction":[{"@type":"ReadAction","target":["https:\/\/www.balak.sk\/hu\/produkt\/hoszivattyu-lg-therma-v-split-hydro-kit-230v-4-6kw-tarolo-tartaly-200l-belteri-egyseg\/"]}]},{"@type":"ImageObject","inLanguage":"hu","@id":"https:\/\/www.balak.sk\/hu\/produkt\/hoszivattyu-lg-therma-v-split-hydro-kit-230v-4-6kw-tarolo-tartaly-200l-belteri-egyseg\/#primaryimage","url":"https:\/\/www.balak.sk\/wp-content\/uploads\/2023\/09\/323048.jpg","contentUrl":"https:\/\/www.balak.sk\/wp-content\/uploads\/2023\/09\/323048.jpg","width":500,"height":500},{"@type":"BreadcrumbList","@id":"https:\/\/www.balak.sk\/hu\/produkt\/hoszivattyu-lg-therma-v-split-hydro-kit-230v-4-6kw-tarolo-tartaly-200l-belteri-egyseg\/#breadcrumb","itemListElement":[{"@type":"ListItem","position":1,"name":"Domovsk\u00e1 str\u00e1nka","item":"https:\/\/www.balak.sk\/hu\/fooldal\/"},{"@type":"ListItem","position":2,"name":"Web\u00e1ruh\u00e1z","item":"https:\/\/www.balak.sk\/hu\/webaruhaz\/"},{"@type":"ListItem","position":3,"name":"H\u0151szivatty\u00fa LG THERMA V, SPLIT Hydro Kit 230V 4-6kW, t\u00e1rol\u00f3 tart\u00e1ly 200L, belt\u00e9ri egys\u00e9g"}]},{"@type":"WebSite","@id":"https:\/\/www.balak.sk\/hu\/#website","url":"https:\/\/www.balak.sk\/hu\/","name":"Balak s.r.o.","description":"\u0160pecializovan\u00fd a profesion\u00e1lny ve\u013ekoobchod","publisher":{"@id":"https:\/\/www.balak.sk\/hu\/#organization"},"alternateName":"Ve\u013ekoobchod Balak","potentialAction":[{"@type":"SearchAction","target":{"@type":"EntryPoint","urlTemplate":"https:\/\/www.balak.sk\/hu\/?s={search_term_string}"},"query-input":{"@type":"PropertyValueSpecification","valueRequired":true,"valueName":"search_term_string"}}],"inLanguage":"hu"},{"@type":"Organization","@id":"https:\/\/www.balak.sk\/hu\/#organization","name":"Balak s.r.o.","url":"https:\/\/www.balak.sk\/hu\/","logo":{"@type":"ImageObject","inLanguage":"hu","@id":"https:\/\/www.balak.sk\/hu\/#\/schema\/logo\/image\/","url":"https:\/\/www.balak.sk\/wp-content\/uploads\/2023\/05\/Balak-logo-retina.png","contentUrl":"https:\/\/www.balak.sk\/wp-content\/uploads\/2023\/05\/Balak-logo-retina.png","width":340,"height":120,"caption":"Balak s.r.o."},"image":{"@id":"https:\/\/www.balak.sk\/hu\/#\/schema\/logo\/image\/"},"sameAs":["https:\/\/www.facebook.com\/balaksro","https:\/\/www.youtube.com\/@balakvelkoobchod3260","https:\/\/www.instagram.com\/balakvelkoobchod\/"]}]}},"_links":{"self":[{"href":"https:\/\/www.balak.sk\/hu\/wp-json\/wp\/v2\/product\/22405","targetHints":{"allow":["GET"]}}],"collection":[{"href":"https:\/\/www.balak.sk\/hu\/wp-json\/wp\/v2\/product"}],"about":[{"href":"https:\/\/www.balak.sk\/hu\/wp-json\/wp\/v2\/types\/product"}],"wp:featuredmedia":[{"embeddable":true,"href":"https:\/\/www.balak.sk\/hu\/wp-json\/wp\/v2\/media\/22407"}],"wp:attachment":[{"href":"https:\/\/www.balak.sk\/hu\/wp-json\/wp\/v2\/media?parent=22405"}],"wp:term":[{"taxonomy":"product_brand","embeddable":true,"href":"https:\/\/www.balak.sk\/hu\/wp-json\/wp\/v2\/product_brand?post=22405"},{"taxonomy":"product_cat","embeddable":true,"href":"https:\/\/www.balak.sk\/hu\/wp-json\/wp\/v2\/product_cat?post=22405"},{"taxonomy":"product_tag","embeddable":true,"href":"https:\/\/www.balak.sk\/hu\/wp-json\/wp\/v2\/product_tag?post=22405"}],"curies":[{"name":"wp","href":"https:\/\/api.w.org\/{rel}","templated":true}]}}