{"id":20063,"date":"2023-07-19T08:38:21","date_gmt":"2023-07-19T06:38:21","guid":{"rendered":"https:\/\/www.balak.sk\/produkt\/von-1-2-x-16-x-2-alpex-pex-fornara\/"},"modified":"2025-12-10T01:02:47","modified_gmt":"2025-12-10T00:02:47","slug":"von-1-2-x-16-x-2-alpex-pex-fornara","status":"publish","type":"product","link":"https:\/\/www.balak.sk\/hu\/produkt\/von-1-2-x-16-x-2-alpex-pex-fornara\/","title":{"rendered":"VON 1\/2&#8243; x 16 x 2 ALPEX\/PEX Fornara"},"content":{"rendered":"","protected":false},"excerpt":{"rendered":"","protected":false},"featured_media":20064,"template":"","meta":[],"product_brand":[],"product_cat":[2329],"product_tag":[],"class_list":{"0":"post-20063","1":"product","2":"type-product","3":"status-publish","4":"has-post-thumbnail","6":"product_cat-fiduciarius-adapter","7":"product_shipping_class-parcel","9":"first","10":"instock","11":"sale","12":"taxable","13":"shipping-taxable","14":"product-type-simple"},"yoast_head":"<!-- This site is optimized with the Yoast SEO plugin v26.8 - https:\/\/yoast.com\/product\/yoast-seo-wordpress\/ -->\n<title>VON 1\/2&quot; x 16 x 2 ALPEX\/PEX Fornara | Balak - ve\u013ekoobchod<\/title>\n<meta name=\"robots\" content=\"index, follow, max-snippet:-1, max-image-preview:large, max-video-preview:-1\" \/>\n<link rel=\"canonical\" href=\"https:\/\/www.balak.sk\/hu\/produkt\/von-1-2-x-16-x-2-alpex-pex-fornara\/\" \/>\n<meta property=\"og:locale\" content=\"hu_HU\" \/>\n<meta property=\"og:type\" content=\"article\" \/>\n<meta property=\"og:title\" content=\"VON 1\/2&quot; x 16 x 2 ALPEX\/PEX Fornara | Balak - ve\u013ekoobchod\" \/>\n<meta property=\"og:url\" content=\"https:\/\/www.balak.sk\/hu\/produkt\/von-1-2-x-16-x-2-alpex-pex-fornara\/\" \/>\n<meta property=\"og:site_name\" content=\"Balak\" \/>\n<meta property=\"article:publisher\" content=\"https:\/\/www.facebook.com\/balaksro\" \/>\n<meta property=\"article:modified_time\" content=\"2025-12-10T00:02:47+00:00\" \/>\n<meta property=\"og:image\" content=\"https:\/\/www.balak.sk\/wp-content\/uploads\/2023\/07\/318014.jpg\" \/>\n\t<meta property=\"og:image:width\" content=\"500\" \/>\n\t<meta property=\"og:image:height\" content=\"500\" \/>\n\t<meta property=\"og:image:type\" content=\"image\/jpeg\" \/>\n<meta name=\"twitter:card\" content=\"summary_large_image\" \/>\n<script type=\"application\/ld+json\" class=\"yoast-schema-graph\">{\"@context\":\"https:\/\/schema.org\",\"@graph\":[{\"@type\":\"WebPage\",\"@id\":\"https:\/\/www.balak.sk\/hu\/produkt\/von-1-2-x-16-x-2-alpex-pex-fornara\/\",\"url\":\"https:\/\/www.balak.sk\/hu\/produkt\/von-1-2-x-16-x-2-alpex-pex-fornara\/\",\"name\":\"VON 1\/2\\\" x 16 x 2 ALPEX\/PEX Fornara | Balak - ve\u013ekoobchod\",\"isPartOf\":{\"@id\":\"https:\/\/www.balak.sk\/hu\/#website\"},\"primaryImageOfPage\":{\"@id\":\"https:\/\/www.balak.sk\/hu\/produkt\/von-1-2-x-16-x-2-alpex-pex-fornara\/#primaryimage\"},\"image\":{\"@id\":\"https:\/\/www.balak.sk\/hu\/produkt\/von-1-2-x-16-x-2-alpex-pex-fornara\/#primaryimage\"},\"thumbnailUrl\":\"https:\/\/www.balak.sk\/wp-content\/uploads\/2023\/07\/318014.jpg\",\"datePublished\":\"2023-07-19T06:38:21+00:00\",\"dateModified\":\"2025-12-10T00:02:47+00:00\",\"breadcrumb\":{\"@id\":\"https:\/\/www.balak.sk\/hu\/produkt\/von-1-2-x-16-x-2-alpex-pex-fornara\/#breadcrumb\"},\"inLanguage\":\"hu\",\"potentialAction\":[{\"@type\":\"ReadAction\",\"target\":[\"https:\/\/www.balak.sk\/hu\/produkt\/von-1-2-x-16-x-2-alpex-pex-fornara\/\"]}]},{\"@type\":\"ImageObject\",\"inLanguage\":\"hu\",\"@id\":\"https:\/\/www.balak.sk\/hu\/produkt\/von-1-2-x-16-x-2-alpex-pex-fornara\/#primaryimage\",\"url\":\"https:\/\/www.balak.sk\/wp-content\/uploads\/2023\/07\/318014.jpg\",\"contentUrl\":\"https:\/\/www.balak.sk\/wp-content\/uploads\/2023\/07\/318014.jpg\",\"width\":500,\"height\":500},{\"@type\":\"BreadcrumbList\",\"@id\":\"https:\/\/www.balak.sk\/hu\/produkt\/von-1-2-x-16-x-2-alpex-pex-fornara\/#breadcrumb\",\"itemListElement\":[{\"@type\":\"ListItem\",\"position\":1,\"name\":\"Domovsk\u00e1 str\u00e1nka\",\"item\":\"https:\/\/www.balak.sk\/hu\/fooldal\/\"},{\"@type\":\"ListItem\",\"position\":2,\"name\":\"Web\u00e1ruh\u00e1z\",\"item\":\"https:\/\/www.balak.sk\/hu\/webaruhaz\/\"},{\"@type\":\"ListItem\",\"position\":3,\"name\":\"VON 1\/2&#8243; x 16 x 2 ALPEX\/PEX Fornara\"}]},{\"@type\":\"WebSite\",\"@id\":\"https:\/\/www.balak.sk\/hu\/#website\",\"url\":\"https:\/\/www.balak.sk\/hu\/\",\"name\":\"Balak s.r.o.\",\"description\":\"\u0160pecializovan\u00fd a profesion\u00e1lny ve\u013ekoobchod\",\"publisher\":{\"@id\":\"https:\/\/www.balak.sk\/hu\/#organization\"},\"alternateName\":\"Ve\u013ekoobchod Balak\",\"potentialAction\":[{\"@type\":\"SearchAction\",\"target\":{\"@type\":\"EntryPoint\",\"urlTemplate\":\"https:\/\/www.balak.sk\/hu\/?s={search_term_string}\"},\"query-input\":{\"@type\":\"PropertyValueSpecification\",\"valueRequired\":true,\"valueName\":\"search_term_string\"}}],\"inLanguage\":\"hu\"},{\"@type\":\"Organization\",\"@id\":\"https:\/\/www.balak.sk\/hu\/#organization\",\"name\":\"Balak s.r.o.\",\"url\":\"https:\/\/www.balak.sk\/hu\/\",\"logo\":{\"@type\":\"ImageObject\",\"inLanguage\":\"hu\",\"@id\":\"https:\/\/www.balak.sk\/hu\/#\/schema\/logo\/image\/\",\"url\":\"https:\/\/www.balak.sk\/wp-content\/uploads\/2023\/05\/Balak-logo-retina.png\",\"contentUrl\":\"https:\/\/www.balak.sk\/wp-content\/uploads\/2023\/05\/Balak-logo-retina.png\",\"width\":340,\"height\":120,\"caption\":\"Balak s.r.o.\"},\"image\":{\"@id\":\"https:\/\/www.balak.sk\/hu\/#\/schema\/logo\/image\/\"},\"sameAs\":[\"https:\/\/www.facebook.com\/balaksro\",\"https:\/\/www.youtube.com\/@balakvelkoobchod3260\",\"https:\/\/www.instagram.com\/balakvelkoobchod\/\"]}]}<\/script>\n<!-- \/ Yoast SEO plugin. -->","yoast_head_json":{"title":"VON 1\/2\" x 16 x 2 ALPEX\/PEX Fornara | Balak - ve\u013ekoobchod","robots":{"index":"index","follow":"follow","max-snippet":"max-snippet:-1","max-image-preview":"max-image-preview:large","max-video-preview":"max-video-preview:-1"},"canonical":"https:\/\/www.balak.sk\/hu\/produkt\/von-1-2-x-16-x-2-alpex-pex-fornara\/","og_locale":"hu_HU","og_type":"article","og_title":"VON 1\/2\" x 16 x 2 ALPEX\/PEX Fornara | Balak - ve\u013ekoobchod","og_url":"https:\/\/www.balak.sk\/hu\/produkt\/von-1-2-x-16-x-2-alpex-pex-fornara\/","og_site_name":"Balak","article_publisher":"https:\/\/www.facebook.com\/balaksro","article_modified_time":"2025-12-10T00:02:47+00:00","og_image":[{"width":500,"height":500,"url":"https:\/\/www.balak.sk\/wp-content\/uploads\/2023\/07\/318014.jpg","type":"image\/jpeg"}],"twitter_card":"summary_large_image","schema":{"@context":"https:\/\/schema.org","@graph":[{"@type":"WebPage","@id":"https:\/\/www.balak.sk\/hu\/produkt\/von-1-2-x-16-x-2-alpex-pex-fornara\/","url":"https:\/\/www.balak.sk\/hu\/produkt\/von-1-2-x-16-x-2-alpex-pex-fornara\/","name":"VON 1\/2\" x 16 x 2 ALPEX\/PEX Fornara | Balak - ve\u013ekoobchod","isPartOf":{"@id":"https:\/\/www.balak.sk\/hu\/#website"},"primaryImageOfPage":{"@id":"https:\/\/www.balak.sk\/hu\/produkt\/von-1-2-x-16-x-2-alpex-pex-fornara\/#primaryimage"},"image":{"@id":"https:\/\/www.balak.sk\/hu\/produkt\/von-1-2-x-16-x-2-alpex-pex-fornara\/#primaryimage"},"thumbnailUrl":"https:\/\/www.balak.sk\/wp-content\/uploads\/2023\/07\/318014.jpg","datePublished":"2023-07-19T06:38:21+00:00","dateModified":"2025-12-10T00:02:47+00:00","breadcrumb":{"@id":"https:\/\/www.balak.sk\/hu\/produkt\/von-1-2-x-16-x-2-alpex-pex-fornara\/#breadcrumb"},"inLanguage":"hu","potentialAction":[{"@type":"ReadAction","target":["https:\/\/www.balak.sk\/hu\/produkt\/von-1-2-x-16-x-2-alpex-pex-fornara\/"]}]},{"@type":"ImageObject","inLanguage":"hu","@id":"https:\/\/www.balak.sk\/hu\/produkt\/von-1-2-x-16-x-2-alpex-pex-fornara\/#primaryimage","url":"https:\/\/www.balak.sk\/wp-content\/uploads\/2023\/07\/318014.jpg","contentUrl":"https:\/\/www.balak.sk\/wp-content\/uploads\/2023\/07\/318014.jpg","width":500,"height":500},{"@type":"BreadcrumbList","@id":"https:\/\/www.balak.sk\/hu\/produkt\/von-1-2-x-16-x-2-alpex-pex-fornara\/#breadcrumb","itemListElement":[{"@type":"ListItem","position":1,"name":"Domovsk\u00e1 str\u00e1nka","item":"https:\/\/www.balak.sk\/hu\/fooldal\/"},{"@type":"ListItem","position":2,"name":"Web\u00e1ruh\u00e1z","item":"https:\/\/www.balak.sk\/hu\/webaruhaz\/"},{"@type":"ListItem","position":3,"name":"VON 1\/2&#8243; x 16 x 2 ALPEX\/PEX Fornara"}]},{"@type":"WebSite","@id":"https:\/\/www.balak.sk\/hu\/#website","url":"https:\/\/www.balak.sk\/hu\/","name":"Balak s.r.o.","description":"\u0160pecializovan\u00fd a profesion\u00e1lny ve\u013ekoobchod","publisher":{"@id":"https:\/\/www.balak.sk\/hu\/#organization"},"alternateName":"Ve\u013ekoobchod Balak","potentialAction":[{"@type":"SearchAction","target":{"@type":"EntryPoint","urlTemplate":"https:\/\/www.balak.sk\/hu\/?s={search_term_string}"},"query-input":{"@type":"PropertyValueSpecification","valueRequired":true,"valueName":"search_term_string"}}],"inLanguage":"hu"},{"@type":"Organization","@id":"https:\/\/www.balak.sk\/hu\/#organization","name":"Balak s.r.o.","url":"https:\/\/www.balak.sk\/hu\/","logo":{"@type":"ImageObject","inLanguage":"hu","@id":"https:\/\/www.balak.sk\/hu\/#\/schema\/logo\/image\/","url":"https:\/\/www.balak.sk\/wp-content\/uploads\/2023\/05\/Balak-logo-retina.png","contentUrl":"https:\/\/www.balak.sk\/wp-content\/uploads\/2023\/05\/Balak-logo-retina.png","width":340,"height":120,"caption":"Balak s.r.o."},"image":{"@id":"https:\/\/www.balak.sk\/hu\/#\/schema\/logo\/image\/"},"sameAs":["https:\/\/www.facebook.com\/balaksro","https:\/\/www.youtube.com\/@balakvelkoobchod3260","https:\/\/www.instagram.com\/balakvelkoobchod\/"]}]}},"_links":{"self":[{"href":"https:\/\/www.balak.sk\/hu\/wp-json\/wp\/v2\/product\/20063","targetHints":{"allow":["GET"]}}],"collection":[{"href":"https:\/\/www.balak.sk\/hu\/wp-json\/wp\/v2\/product"}],"about":[{"href":"https:\/\/www.balak.sk\/hu\/wp-json\/wp\/v2\/types\/product"}],"wp:featuredmedia":[{"embeddable":true,"href":"https:\/\/www.balak.sk\/hu\/wp-json\/wp\/v2\/media\/20064"}],"wp:attachment":[{"href":"https:\/\/www.balak.sk\/hu\/wp-json\/wp\/v2\/media?parent=20063"}],"wp:term":[{"taxonomy":"product_brand","embeddable":true,"href":"https:\/\/www.balak.sk\/hu\/wp-json\/wp\/v2\/product_brand?post=20063"},{"taxonomy":"product_cat","embeddable":true,"href":"https:\/\/www.balak.sk\/hu\/wp-json\/wp\/v2\/product_cat?post=20063"},{"taxonomy":"product_tag","embeddable":true,"href":"https:\/\/www.balak.sk\/hu\/wp-json\/wp\/v2\/product_tag?post=20063"}],"curies":[{"name":"wp","href":"https:\/\/api.w.org\/{rel}","templated":true}]}}