{"id":19527,"date":"2023-06-27T15:05:55","date_gmt":"2023-06-27T13:05:55","guid":{"rendered":"https:\/\/www.balak.sk\/produkt\/viessmann-vitodens-111-w-kondenzacios-gazkazan-29-25kw-46l-es-toltotartallyal\/"},"modified":"2025-12-09T16:52:45","modified_gmt":"2025-12-09T15:52:45","slug":"viessmann-vitodens-111-w-kondenzacios-gazkazan-29-25kw-46l-es-toltotartallyal","status":"publish","type":"product","link":"https:\/\/www.balak.sk\/hu\/produkt\/viessmann-vitodens-111-w-kondenzacios-gazkazan-29-25kw-46l-es-toltotartallyal\/","title":{"rendered":"Viessmann Vitodens 111-W kondenz\u00e1ci\u00f3s g\u00e1zkaz\u00e1n 2,9-25KW 46L-es t\u00f6lt\u0151tart\u00e1llyal"},"content":{"rendered":"","protected":false},"excerpt":{"rendered":"","protected":false},"featured_media":19528,"template":"","meta":[],"product_brand":[],"product_cat":[2003],"product_tag":[],"class_list":{"0":"post-19527","1":"product","2":"type-product","3":"status-publish","4":"has-post-thumbnail","6":"product_cat-viessmann-kondenzacios-kazan","8":"first","9":"onbackorder","10":"sale","11":"taxable","12":"shipping-taxable","13":"product-type-simple"},"yoast_head":"<!-- This site is optimized with the Yoast SEO plugin v26.8 - https:\/\/yoast.com\/product\/yoast-seo-wordpress\/ -->\n<title>Viessmann Vitodens 111-W kondenz\u00e1ci\u00f3s g\u00e1zkaz\u00e1n 2,9-25KW 46L-es t\u00f6lt\u0151tart\u00e1llyal | Balak - ve\u013ekoobchod<\/title>\n<meta name=\"robots\" content=\"index, follow, max-snippet:-1, max-image-preview:large, max-video-preview:-1\" \/>\n<link rel=\"canonical\" href=\"https:\/\/www.balak.sk\/hu\/produkt\/viessmann-vitodens-111-w-kondenzacios-gazkazan-29-25kw-46l-es-toltotartallyal\/\" \/>\n<meta property=\"og:locale\" content=\"hu_HU\" \/>\n<meta property=\"og:type\" content=\"article\" \/>\n<meta property=\"og:title\" content=\"Viessmann Vitodens 111-W kondenz\u00e1ci\u00f3s g\u00e1zkaz\u00e1n 2,9-25KW 46L-es t\u00f6lt\u0151tart\u00e1llyal | Balak - ve\u013ekoobchod\" \/>\n<meta property=\"og:url\" content=\"https:\/\/www.balak.sk\/hu\/produkt\/viessmann-vitodens-111-w-kondenzacios-gazkazan-29-25kw-46l-es-toltotartallyal\/\" \/>\n<meta property=\"og:site_name\" content=\"Balak\" \/>\n<meta property=\"article:publisher\" content=\"https:\/\/www.facebook.com\/balaksro\" \/>\n<meta property=\"article:modified_time\" content=\"2025-12-09T15:52:45+00:00\" \/>\n<meta property=\"og:image\" content=\"https:\/\/www.balak.sk\/wp-content\/uploads\/2023\/06\/319430.jpg\" \/>\n\t<meta property=\"og:image:width\" content=\"500\" \/>\n\t<meta property=\"og:image:height\" content=\"500\" \/>\n\t<meta property=\"og:image:type\" content=\"image\/jpeg\" \/>\n<meta name=\"twitter:card\" content=\"summary_large_image\" \/>\n<script type=\"application\/ld+json\" class=\"yoast-schema-graph\">{\"@context\":\"https:\/\/schema.org\",\"@graph\":[{\"@type\":\"WebPage\",\"@id\":\"https:\/\/www.balak.sk\/hu\/produkt\/viessmann-vitodens-111-w-kondenzacios-gazkazan-29-25kw-46l-es-toltotartallyal\/\",\"url\":\"https:\/\/www.balak.sk\/hu\/produkt\/viessmann-vitodens-111-w-kondenzacios-gazkazan-29-25kw-46l-es-toltotartallyal\/\",\"name\":\"Viessmann Vitodens 111-W kondenz\u00e1ci\u00f3s g\u00e1zkaz\u00e1n 2,9-25KW 46L-es t\u00f6lt\u0151tart\u00e1llyal | Balak - ve\u013ekoobchod\",\"isPartOf\":{\"@id\":\"https:\/\/www.balak.sk\/hu\/#website\"},\"primaryImageOfPage\":{\"@id\":\"https:\/\/www.balak.sk\/hu\/produkt\/viessmann-vitodens-111-w-kondenzacios-gazkazan-29-25kw-46l-es-toltotartallyal\/#primaryimage\"},\"image\":{\"@id\":\"https:\/\/www.balak.sk\/hu\/produkt\/viessmann-vitodens-111-w-kondenzacios-gazkazan-29-25kw-46l-es-toltotartallyal\/#primaryimage\"},\"thumbnailUrl\":\"https:\/\/www.balak.sk\/wp-content\/uploads\/2023\/06\/319430.jpg\",\"datePublished\":\"2023-06-27T13:05:55+00:00\",\"dateModified\":\"2025-12-09T15:52:45+00:00\",\"breadcrumb\":{\"@id\":\"https:\/\/www.balak.sk\/hu\/produkt\/viessmann-vitodens-111-w-kondenzacios-gazkazan-29-25kw-46l-es-toltotartallyal\/#breadcrumb\"},\"inLanguage\":\"hu\",\"potentialAction\":[{\"@type\":\"ReadAction\",\"target\":[\"https:\/\/www.balak.sk\/hu\/produkt\/viessmann-vitodens-111-w-kondenzacios-gazkazan-29-25kw-46l-es-toltotartallyal\/\"]}]},{\"@type\":\"ImageObject\",\"inLanguage\":\"hu\",\"@id\":\"https:\/\/www.balak.sk\/hu\/produkt\/viessmann-vitodens-111-w-kondenzacios-gazkazan-29-25kw-46l-es-toltotartallyal\/#primaryimage\",\"url\":\"https:\/\/www.balak.sk\/wp-content\/uploads\/2023\/06\/319430.jpg\",\"contentUrl\":\"https:\/\/www.balak.sk\/wp-content\/uploads\/2023\/06\/319430.jpg\",\"width\":500,\"height\":500},{\"@type\":\"BreadcrumbList\",\"@id\":\"https:\/\/www.balak.sk\/hu\/produkt\/viessmann-vitodens-111-w-kondenzacios-gazkazan-29-25kw-46l-es-toltotartallyal\/#breadcrumb\",\"itemListElement\":[{\"@type\":\"ListItem\",\"position\":1,\"name\":\"Domovsk\u00e1 str\u00e1nka\",\"item\":\"https:\/\/www.balak.sk\/hu\/fooldal\/\"},{\"@type\":\"ListItem\",\"position\":2,\"name\":\"Web\u00e1ruh\u00e1z\",\"item\":\"https:\/\/www.balak.sk\/hu\/webaruhaz\/\"},{\"@type\":\"ListItem\",\"position\":3,\"name\":\"Viessmann Vitodens 111-W kondenz\u00e1ci\u00f3s g\u00e1zkaz\u00e1n 2,9-25KW 46L-es t\u00f6lt\u0151tart\u00e1llyal\"}]},{\"@type\":\"WebSite\",\"@id\":\"https:\/\/www.balak.sk\/hu\/#website\",\"url\":\"https:\/\/www.balak.sk\/hu\/\",\"name\":\"Balak s.r.o.\",\"description\":\"\u0160pecializovan\u00fd a profesion\u00e1lny ve\u013ekoobchod\",\"publisher\":{\"@id\":\"https:\/\/www.balak.sk\/hu\/#organization\"},\"alternateName\":\"Ve\u013ekoobchod Balak\",\"potentialAction\":[{\"@type\":\"SearchAction\",\"target\":{\"@type\":\"EntryPoint\",\"urlTemplate\":\"https:\/\/www.balak.sk\/hu\/?s={search_term_string}\"},\"query-input\":{\"@type\":\"PropertyValueSpecification\",\"valueRequired\":true,\"valueName\":\"search_term_string\"}}],\"inLanguage\":\"hu\"},{\"@type\":\"Organization\",\"@id\":\"https:\/\/www.balak.sk\/hu\/#organization\",\"name\":\"Balak s.r.o.\",\"url\":\"https:\/\/www.balak.sk\/hu\/\",\"logo\":{\"@type\":\"ImageObject\",\"inLanguage\":\"hu\",\"@id\":\"https:\/\/www.balak.sk\/hu\/#\/schema\/logo\/image\/\",\"url\":\"https:\/\/www.balak.sk\/wp-content\/uploads\/2023\/05\/Balak-logo-retina.png\",\"contentUrl\":\"https:\/\/www.balak.sk\/wp-content\/uploads\/2023\/05\/Balak-logo-retina.png\",\"width\":340,\"height\":120,\"caption\":\"Balak s.r.o.\"},\"image\":{\"@id\":\"https:\/\/www.balak.sk\/hu\/#\/schema\/logo\/image\/\"},\"sameAs\":[\"https:\/\/www.facebook.com\/balaksro\",\"https:\/\/www.youtube.com\/@balakvelkoobchod3260\",\"https:\/\/www.instagram.com\/balakvelkoobchod\/\"]}]}<\/script>\n<!-- \/ Yoast SEO plugin. -->","yoast_head_json":{"title":"Viessmann Vitodens 111-W kondenz\u00e1ci\u00f3s g\u00e1zkaz\u00e1n 2,9-25KW 46L-es t\u00f6lt\u0151tart\u00e1llyal | Balak - ve\u013ekoobchod","robots":{"index":"index","follow":"follow","max-snippet":"max-snippet:-1","max-image-preview":"max-image-preview:large","max-video-preview":"max-video-preview:-1"},"canonical":"https:\/\/www.balak.sk\/hu\/produkt\/viessmann-vitodens-111-w-kondenzacios-gazkazan-29-25kw-46l-es-toltotartallyal\/","og_locale":"hu_HU","og_type":"article","og_title":"Viessmann Vitodens 111-W kondenz\u00e1ci\u00f3s g\u00e1zkaz\u00e1n 2,9-25KW 46L-es t\u00f6lt\u0151tart\u00e1llyal | Balak - ve\u013ekoobchod","og_url":"https:\/\/www.balak.sk\/hu\/produkt\/viessmann-vitodens-111-w-kondenzacios-gazkazan-29-25kw-46l-es-toltotartallyal\/","og_site_name":"Balak","article_publisher":"https:\/\/www.facebook.com\/balaksro","article_modified_time":"2025-12-09T15:52:45+00:00","og_image":[{"width":500,"height":500,"url":"https:\/\/www.balak.sk\/wp-content\/uploads\/2023\/06\/319430.jpg","type":"image\/jpeg"}],"twitter_card":"summary_large_image","schema":{"@context":"https:\/\/schema.org","@graph":[{"@type":"WebPage","@id":"https:\/\/www.balak.sk\/hu\/produkt\/viessmann-vitodens-111-w-kondenzacios-gazkazan-29-25kw-46l-es-toltotartallyal\/","url":"https:\/\/www.balak.sk\/hu\/produkt\/viessmann-vitodens-111-w-kondenzacios-gazkazan-29-25kw-46l-es-toltotartallyal\/","name":"Viessmann Vitodens 111-W kondenz\u00e1ci\u00f3s g\u00e1zkaz\u00e1n 2,9-25KW 46L-es t\u00f6lt\u0151tart\u00e1llyal | Balak - ve\u013ekoobchod","isPartOf":{"@id":"https:\/\/www.balak.sk\/hu\/#website"},"primaryImageOfPage":{"@id":"https:\/\/www.balak.sk\/hu\/produkt\/viessmann-vitodens-111-w-kondenzacios-gazkazan-29-25kw-46l-es-toltotartallyal\/#primaryimage"},"image":{"@id":"https:\/\/www.balak.sk\/hu\/produkt\/viessmann-vitodens-111-w-kondenzacios-gazkazan-29-25kw-46l-es-toltotartallyal\/#primaryimage"},"thumbnailUrl":"https:\/\/www.balak.sk\/wp-content\/uploads\/2023\/06\/319430.jpg","datePublished":"2023-06-27T13:05:55+00:00","dateModified":"2025-12-09T15:52:45+00:00","breadcrumb":{"@id":"https:\/\/www.balak.sk\/hu\/produkt\/viessmann-vitodens-111-w-kondenzacios-gazkazan-29-25kw-46l-es-toltotartallyal\/#breadcrumb"},"inLanguage":"hu","potentialAction":[{"@type":"ReadAction","target":["https:\/\/www.balak.sk\/hu\/produkt\/viessmann-vitodens-111-w-kondenzacios-gazkazan-29-25kw-46l-es-toltotartallyal\/"]}]},{"@type":"ImageObject","inLanguage":"hu","@id":"https:\/\/www.balak.sk\/hu\/produkt\/viessmann-vitodens-111-w-kondenzacios-gazkazan-29-25kw-46l-es-toltotartallyal\/#primaryimage","url":"https:\/\/www.balak.sk\/wp-content\/uploads\/2023\/06\/319430.jpg","contentUrl":"https:\/\/www.balak.sk\/wp-content\/uploads\/2023\/06\/319430.jpg","width":500,"height":500},{"@type":"BreadcrumbList","@id":"https:\/\/www.balak.sk\/hu\/produkt\/viessmann-vitodens-111-w-kondenzacios-gazkazan-29-25kw-46l-es-toltotartallyal\/#breadcrumb","itemListElement":[{"@type":"ListItem","position":1,"name":"Domovsk\u00e1 str\u00e1nka","item":"https:\/\/www.balak.sk\/hu\/fooldal\/"},{"@type":"ListItem","position":2,"name":"Web\u00e1ruh\u00e1z","item":"https:\/\/www.balak.sk\/hu\/webaruhaz\/"},{"@type":"ListItem","position":3,"name":"Viessmann Vitodens 111-W kondenz\u00e1ci\u00f3s g\u00e1zkaz\u00e1n 2,9-25KW 46L-es t\u00f6lt\u0151tart\u00e1llyal"}]},{"@type":"WebSite","@id":"https:\/\/www.balak.sk\/hu\/#website","url":"https:\/\/www.balak.sk\/hu\/","name":"Balak s.r.o.","description":"\u0160pecializovan\u00fd a profesion\u00e1lny ve\u013ekoobchod","publisher":{"@id":"https:\/\/www.balak.sk\/hu\/#organization"},"alternateName":"Ve\u013ekoobchod Balak","potentialAction":[{"@type":"SearchAction","target":{"@type":"EntryPoint","urlTemplate":"https:\/\/www.balak.sk\/hu\/?s={search_term_string}"},"query-input":{"@type":"PropertyValueSpecification","valueRequired":true,"valueName":"search_term_string"}}],"inLanguage":"hu"},{"@type":"Organization","@id":"https:\/\/www.balak.sk\/hu\/#organization","name":"Balak s.r.o.","url":"https:\/\/www.balak.sk\/hu\/","logo":{"@type":"ImageObject","inLanguage":"hu","@id":"https:\/\/www.balak.sk\/hu\/#\/schema\/logo\/image\/","url":"https:\/\/www.balak.sk\/wp-content\/uploads\/2023\/05\/Balak-logo-retina.png","contentUrl":"https:\/\/www.balak.sk\/wp-content\/uploads\/2023\/05\/Balak-logo-retina.png","width":340,"height":120,"caption":"Balak s.r.o."},"image":{"@id":"https:\/\/www.balak.sk\/hu\/#\/schema\/logo\/image\/"},"sameAs":["https:\/\/www.facebook.com\/balaksro","https:\/\/www.youtube.com\/@balakvelkoobchod3260","https:\/\/www.instagram.com\/balakvelkoobchod\/"]}]}},"_links":{"self":[{"href":"https:\/\/www.balak.sk\/hu\/wp-json\/wp\/v2\/product\/19527","targetHints":{"allow":["GET"]}}],"collection":[{"href":"https:\/\/www.balak.sk\/hu\/wp-json\/wp\/v2\/product"}],"about":[{"href":"https:\/\/www.balak.sk\/hu\/wp-json\/wp\/v2\/types\/product"}],"wp:featuredmedia":[{"embeddable":true,"href":"https:\/\/www.balak.sk\/hu\/wp-json\/wp\/v2\/media\/19528"}],"wp:attachment":[{"href":"https:\/\/www.balak.sk\/hu\/wp-json\/wp\/v2\/media?parent=19527"}],"wp:term":[{"taxonomy":"product_brand","embeddable":true,"href":"https:\/\/www.balak.sk\/hu\/wp-json\/wp\/v2\/product_brand?post=19527"},{"taxonomy":"product_cat","embeddable":true,"href":"https:\/\/www.balak.sk\/hu\/wp-json\/wp\/v2\/product_cat?post=19527"},{"taxonomy":"product_tag","embeddable":true,"href":"https:\/\/www.balak.sk\/hu\/wp-json\/wp\/v2\/product_tag?post=19527"}],"curies":[{"name":"wp","href":"https:\/\/api.w.org\/{rel}","templated":true}]}}