{"id":18801,"date":"2023-06-13T11:09:48","date_gmt":"2023-06-13T09:09:48","guid":{"rendered":"https:\/\/www.balak.sk\/produkt\/adhesive-tape-transparent-48mm-x-66m\/"},"modified":"2025-12-10T00:23:02","modified_gmt":"2025-12-09T23:23:02","slug":"adhesive-tape-transparent-48mm-x-66m","status":"publish","type":"product","link":"https:\/\/www.balak.sk\/en\/produkt\/adhesive-tape-transparent-48mm-x-66m\/","title":{"rendered":"Adhesive tape transparent 48mm x 66m"},"content":{"rendered":"","protected":false},"excerpt":{"rendered":"","protected":false},"featured_media":5996,"template":"","meta":[],"product_brand":[],"product_cat":[1997],"product_tag":[],"class_list":{"0":"post-18801","1":"product","2":"type-product","3":"status-publish","4":"has-post-thumbnail","6":"product_cat-adhesive-installation-tapes-and-adhesives","7":"product_shipping_class-parcel","9":"first","10":"instock","11":"sale","12":"taxable","13":"shipping-taxable","14":"product-type-simple"},"yoast_head":"<!-- This site is optimized with the Yoast SEO plugin v26.8 - https:\/\/yoast.com\/product\/yoast-seo-wordpress\/ -->\n<title>Adhesive tape transparent 48mm x 66m | Balak - ve\u013ekoobchod<\/title>\n<meta name=\"robots\" content=\"index, follow, max-snippet:-1, max-image-preview:large, max-video-preview:-1\" \/>\n<link rel=\"canonical\" href=\"https:\/\/www.balak.sk\/en\/produkt\/adhesive-tape-transparent-48mm-x-66m\/\" \/>\n<meta property=\"og:locale\" content=\"en_US\" \/>\n<meta property=\"og:type\" content=\"article\" \/>\n<meta property=\"og:title\" content=\"Adhesive tape transparent 48mm x 66m | Balak - ve\u013ekoobchod\" \/>\n<meta property=\"og:url\" content=\"https:\/\/www.balak.sk\/en\/produkt\/adhesive-tape-transparent-48mm-x-66m\/\" \/>\n<meta property=\"og:site_name\" content=\"Balak\" \/>\n<meta property=\"article:publisher\" content=\"https:\/\/www.facebook.com\/balaksro\" \/>\n<meta property=\"article:modified_time\" content=\"2025-12-09T23:23:02+00:00\" \/>\n<meta property=\"og:image\" content=\"https:\/\/www.balak.sk\/wp-content\/uploads\/2023\/06\/318121.jpg\" \/>\n\t<meta property=\"og:image:width\" content=\"500\" \/>\n\t<meta property=\"og:image:height\" content=\"500\" \/>\n\t<meta property=\"og:image:type\" content=\"image\/jpeg\" \/>\n<meta name=\"twitter:card\" content=\"summary_large_image\" \/>\n<script type=\"application\/ld+json\" class=\"yoast-schema-graph\">{\"@context\":\"https:\/\/schema.org\",\"@graph\":[{\"@type\":\"WebPage\",\"@id\":\"https:\/\/www.balak.sk\/en\/produkt\/adhesive-tape-transparent-48mm-x-66m\/\",\"url\":\"https:\/\/www.balak.sk\/en\/produkt\/adhesive-tape-transparent-48mm-x-66m\/\",\"name\":\"Adhesive tape transparent 48mm x 66m | Balak - ve\u013ekoobchod\",\"isPartOf\":{\"@id\":\"https:\/\/www.balak.sk\/en\/#website\"},\"primaryImageOfPage\":{\"@id\":\"https:\/\/www.balak.sk\/en\/produkt\/adhesive-tape-transparent-48mm-x-66m\/#primaryimage\"},\"image\":{\"@id\":\"https:\/\/www.balak.sk\/en\/produkt\/adhesive-tape-transparent-48mm-x-66m\/#primaryimage\"},\"thumbnailUrl\":\"https:\/\/www.balak.sk\/wp-content\/uploads\/2023\/06\/318121.jpg\",\"datePublished\":\"2023-06-13T09:09:48+00:00\",\"dateModified\":\"2025-12-09T23:23:02+00:00\",\"breadcrumb\":{\"@id\":\"https:\/\/www.balak.sk\/en\/produkt\/adhesive-tape-transparent-48mm-x-66m\/#breadcrumb\"},\"inLanguage\":\"en-US\",\"potentialAction\":[{\"@type\":\"ReadAction\",\"target\":[\"https:\/\/www.balak.sk\/en\/produkt\/adhesive-tape-transparent-48mm-x-66m\/\"]}]},{\"@type\":\"ImageObject\",\"inLanguage\":\"en-US\",\"@id\":\"https:\/\/www.balak.sk\/en\/produkt\/adhesive-tape-transparent-48mm-x-66m\/#primaryimage\",\"url\":\"https:\/\/www.balak.sk\/wp-content\/uploads\/2023\/06\/318121.jpg\",\"contentUrl\":\"https:\/\/www.balak.sk\/wp-content\/uploads\/2023\/06\/318121.jpg\",\"width\":500,\"height\":500},{\"@type\":\"BreadcrumbList\",\"@id\":\"https:\/\/www.balak.sk\/en\/produkt\/adhesive-tape-transparent-48mm-x-66m\/#breadcrumb\",\"itemListElement\":[{\"@type\":\"ListItem\",\"position\":1,\"name\":\"Domovsk\u00e1 str\u00e1nka\",\"item\":\"https:\/\/www.balak.sk\/en\/home\/\"},{\"@type\":\"ListItem\",\"position\":2,\"name\":\"Shop\",\"item\":\"https:\/\/www.balak.sk\/uk\/internet-mahazyn\/\"},{\"@type\":\"ListItem\",\"position\":3,\"name\":\"Adhesive tape transparent 48mm x 66m\"}]},{\"@type\":\"WebSite\",\"@id\":\"https:\/\/www.balak.sk\/en\/#website\",\"url\":\"https:\/\/www.balak.sk\/en\/\",\"name\":\"Balak s.r.o.\",\"description\":\"\u0160pecializovan\u00fd a profesion\u00e1lny ve\u013ekoobchod\",\"publisher\":{\"@id\":\"https:\/\/www.balak.sk\/en\/#organization\"},\"alternateName\":\"Ve\u013ekoobchod Balak\",\"potentialAction\":[{\"@type\":\"SearchAction\",\"target\":{\"@type\":\"EntryPoint\",\"urlTemplate\":\"https:\/\/www.balak.sk\/en\/?s={search_term_string}\"},\"query-input\":{\"@type\":\"PropertyValueSpecification\",\"valueRequired\":true,\"valueName\":\"search_term_string\"}}],\"inLanguage\":\"en-US\"},{\"@type\":\"Organization\",\"@id\":\"https:\/\/www.balak.sk\/en\/#organization\",\"name\":\"Balak s.r.o.\",\"url\":\"https:\/\/www.balak.sk\/en\/\",\"logo\":{\"@type\":\"ImageObject\",\"inLanguage\":\"en-US\",\"@id\":\"https:\/\/www.balak.sk\/en\/#\/schema\/logo\/image\/\",\"url\":\"https:\/\/www.balak.sk\/wp-content\/uploads\/2023\/05\/Balak-logo-retina.png\",\"contentUrl\":\"https:\/\/www.balak.sk\/wp-content\/uploads\/2023\/05\/Balak-logo-retina.png\",\"width\":340,\"height\":120,\"caption\":\"Balak s.r.o.\"},\"image\":{\"@id\":\"https:\/\/www.balak.sk\/en\/#\/schema\/logo\/image\/\"},\"sameAs\":[\"https:\/\/www.facebook.com\/balaksro\",\"https:\/\/www.youtube.com\/@balakvelkoobchod3260\",\"https:\/\/www.instagram.com\/balakvelkoobchod\/\"]}]}<\/script>\n<!-- \/ Yoast SEO plugin. -->","yoast_head_json":{"title":"Adhesive tape transparent 48mm x 66m | Balak - ve\u013ekoobchod","robots":{"index":"index","follow":"follow","max-snippet":"max-snippet:-1","max-image-preview":"max-image-preview:large","max-video-preview":"max-video-preview:-1"},"canonical":"https:\/\/www.balak.sk\/en\/produkt\/adhesive-tape-transparent-48mm-x-66m\/","og_locale":"en_US","og_type":"article","og_title":"Adhesive tape transparent 48mm x 66m | Balak - ve\u013ekoobchod","og_url":"https:\/\/www.balak.sk\/en\/produkt\/adhesive-tape-transparent-48mm-x-66m\/","og_site_name":"Balak","article_publisher":"https:\/\/www.facebook.com\/balaksro","article_modified_time":"2025-12-09T23:23:02+00:00","og_image":[{"width":500,"height":500,"url":"https:\/\/www.balak.sk\/wp-content\/uploads\/2023\/06\/318121.jpg","type":"image\/jpeg"}],"twitter_card":"summary_large_image","schema":{"@context":"https:\/\/schema.org","@graph":[{"@type":"WebPage","@id":"https:\/\/www.balak.sk\/en\/produkt\/adhesive-tape-transparent-48mm-x-66m\/","url":"https:\/\/www.balak.sk\/en\/produkt\/adhesive-tape-transparent-48mm-x-66m\/","name":"Adhesive tape transparent 48mm x 66m | Balak - ve\u013ekoobchod","isPartOf":{"@id":"https:\/\/www.balak.sk\/en\/#website"},"primaryImageOfPage":{"@id":"https:\/\/www.balak.sk\/en\/produkt\/adhesive-tape-transparent-48mm-x-66m\/#primaryimage"},"image":{"@id":"https:\/\/www.balak.sk\/en\/produkt\/adhesive-tape-transparent-48mm-x-66m\/#primaryimage"},"thumbnailUrl":"https:\/\/www.balak.sk\/wp-content\/uploads\/2023\/06\/318121.jpg","datePublished":"2023-06-13T09:09:48+00:00","dateModified":"2025-12-09T23:23:02+00:00","breadcrumb":{"@id":"https:\/\/www.balak.sk\/en\/produkt\/adhesive-tape-transparent-48mm-x-66m\/#breadcrumb"},"inLanguage":"en-US","potentialAction":[{"@type":"ReadAction","target":["https:\/\/www.balak.sk\/en\/produkt\/adhesive-tape-transparent-48mm-x-66m\/"]}]},{"@type":"ImageObject","inLanguage":"en-US","@id":"https:\/\/www.balak.sk\/en\/produkt\/adhesive-tape-transparent-48mm-x-66m\/#primaryimage","url":"https:\/\/www.balak.sk\/wp-content\/uploads\/2023\/06\/318121.jpg","contentUrl":"https:\/\/www.balak.sk\/wp-content\/uploads\/2023\/06\/318121.jpg","width":500,"height":500},{"@type":"BreadcrumbList","@id":"https:\/\/www.balak.sk\/en\/produkt\/adhesive-tape-transparent-48mm-x-66m\/#breadcrumb","itemListElement":[{"@type":"ListItem","position":1,"name":"Domovsk\u00e1 str\u00e1nka","item":"https:\/\/www.balak.sk\/en\/home\/"},{"@type":"ListItem","position":2,"name":"Shop","item":"https:\/\/www.balak.sk\/uk\/internet-mahazyn\/"},{"@type":"ListItem","position":3,"name":"Adhesive tape transparent 48mm x 66m"}]},{"@type":"WebSite","@id":"https:\/\/www.balak.sk\/en\/#website","url":"https:\/\/www.balak.sk\/en\/","name":"Balak s.r.o.","description":"\u0160pecializovan\u00fd a profesion\u00e1lny ve\u013ekoobchod","publisher":{"@id":"https:\/\/www.balak.sk\/en\/#organization"},"alternateName":"Ve\u013ekoobchod Balak","potentialAction":[{"@type":"SearchAction","target":{"@type":"EntryPoint","urlTemplate":"https:\/\/www.balak.sk\/en\/?s={search_term_string}"},"query-input":{"@type":"PropertyValueSpecification","valueRequired":true,"valueName":"search_term_string"}}],"inLanguage":"en-US"},{"@type":"Organization","@id":"https:\/\/www.balak.sk\/en\/#organization","name":"Balak s.r.o.","url":"https:\/\/www.balak.sk\/en\/","logo":{"@type":"ImageObject","inLanguage":"en-US","@id":"https:\/\/www.balak.sk\/en\/#\/schema\/logo\/image\/","url":"https:\/\/www.balak.sk\/wp-content\/uploads\/2023\/05\/Balak-logo-retina.png","contentUrl":"https:\/\/www.balak.sk\/wp-content\/uploads\/2023\/05\/Balak-logo-retina.png","width":340,"height":120,"caption":"Balak s.r.o."},"image":{"@id":"https:\/\/www.balak.sk\/en\/#\/schema\/logo\/image\/"},"sameAs":["https:\/\/www.facebook.com\/balaksro","https:\/\/www.youtube.com\/@balakvelkoobchod3260","https:\/\/www.instagram.com\/balakvelkoobchod\/"]}]}},"_links":{"self":[{"href":"https:\/\/www.balak.sk\/en\/wp-json\/wp\/v2\/product\/18801","targetHints":{"allow":["GET"]}}],"collection":[{"href":"https:\/\/www.balak.sk\/en\/wp-json\/wp\/v2\/product"}],"about":[{"href":"https:\/\/www.balak.sk\/en\/wp-json\/wp\/v2\/types\/product"}],"wp:featuredmedia":[{"embeddable":true,"href":"https:\/\/www.balak.sk\/en\/wp-json\/wp\/v2\/media\/5996"}],"wp:attachment":[{"href":"https:\/\/www.balak.sk\/en\/wp-json\/wp\/v2\/media?parent=18801"}],"wp:term":[{"taxonomy":"product_brand","embeddable":true,"href":"https:\/\/www.balak.sk\/en\/wp-json\/wp\/v2\/product_brand?post=18801"},{"taxonomy":"product_cat","embeddable":true,"href":"https:\/\/www.balak.sk\/en\/wp-json\/wp\/v2\/product_cat?post=18801"},{"taxonomy":"product_tag","embeddable":true,"href":"https:\/\/www.balak.sk\/en\/wp-json\/wp\/v2\/product_tag?post=18801"}],"curies":[{"name":"wp","href":"https:\/\/api.w.org\/{rel}","templated":true}]}}