{"id":15092,"date":"2023-05-10T21:25:43","date_gmt":"2023-05-10T19:25:43","guid":{"rendered":"https:\/\/www.balak.sk\/privacy-policy\/"},"modified":"2025-10-08T09:13:22","modified_gmt":"2025-10-08T07:13:22","slug":"privacy-policy","status":"publish","type":"page","link":"https:\/\/www.balak.sk\/en\/privacy-policy\/","title":{"rendered":"Privacy Policy"},"content":{"rendered":"<div class=\"wpb-content-wrapper\"><p>[vc_row][vc_column][vc_column_text css=&#8221;&#8221; css_params=&#8221;&#8221;]<\/p>\n\n<p>V\u00e1\u017een\u00fd klient,<\/p>\n<p>Aby sme v\u00e1m mohli vypracova\u0165 cenov\u00fa ponuku a spracova\u0165 Va\u0161u objedn\u00e1vku potrebujeme Va\u0161e osobn\u00e9 \u00fadaje. Bezpe\u010dnos\u0165 Va\u0161ich \u00fadajov a ich spracovanie z\u00e1konn\u00fdm sp\u00f4sobom je pre n\u00e1s prvorad\u00e9. Tu sa dozviete ako Va\u0161e osobn\u00e9 \u00fadaje sprac\u00favame a ako zabezpe\u010dujeme ich bezpe\u010dnos\u0165.<\/p>\n<p>Va\u0161e osobn\u00e9 \u00fadaje sprac\u00fava na\u0161a spolo\u010dnos\u0165: Ing. Martin Bal\u00e1\u017e \u2013 BM MEDIA, \u013dubovnianska 3155\/1, 85107 Bratislava-Petr\u017ealka, I\u010cO: 46458808; Reg,: \u00a0\u00a0\u00a0\u00a0\u00a0 Okresn\u00fd \u00farad Bratislava, \u010c\u00edslo \u017eivnostensk\u00e9ho registra:110-210702 (\u010falej len \u201e<strong>pred\u00e1vaj\u00faci<\/strong>\u201c) t\u00fdmto v s\u00falade so z\u00e1konom \u010d. 28\/2018 Z. z. o ochrane osobn\u00fdch \u00fadajov a o zmene a doplnen\u00ed niektor\u00fdch z\u00e1konov, v znen\u00ed neskor\u0161\u00edch predpisov (\u010falej len \u201eZ\u00e1kon\u201c)<\/p>\n<ul>\n<li>Pred\u00e1vaj\u00faci sprac\u00fava osobn\u00e9 \u00fadaje ako prev\u00e1dzkovate\u013e.<\/li>\n<li>Dotknut\u00fdmi osobami s\u00fa kupuj\u00faci tovaru Pred\u00e1vaj\u00faceho (\u010falej len \u201e<strong>Dotknut\u00e9 osoby<\/strong>\u201c).<\/li>\n<li>\u00dadaje Dotknut\u00fdch os\u00f4b s\u00fa sprac\u00favan\u00e9 na \u00fa\u010dely a v rozsahu, ktor\u00fd je nevyhnutn\u00fd na vykon\u00e1vanie predmetu \u010dinnosti Pred\u00e1vaj\u00faceho, a to na \u00fa\u010dely plnenia zmluvy a\u00a0plnenia z\u00e1konnej povinnosti, t.j. spracovania a vybavenia objedn\u00e1vok, najm\u00e4 uzavretia k\u00fapnej zmluvy, uskuto\u010dnenia platby, dodania tovaru alebo slu\u017eby a poskytnutia in\u00fdch s\u00favisiacich slu\u017eieb, vr\u00e1tane vybavovania reklam\u00e1ci\u00ed, \u010falej na \u00fa\u010dely marketingu, zasielania informa\u010dn\u00fdch materi\u00e1lov, tvorby datab\u00e1zy st\u00e1lych a potenci\u00e1lnych z\u00e1kazn\u00edkov, poskytovania zliav .<\/li>\n<li>Pred\u00e1vaj\u00faci sprac\u00fava \u00fadaje Dotknut\u00fdch os\u00f4b v nasledovnom rozsahu: titul, meno, priezvisko, adresa bydliska, adresa dodania tovaru, telef\u00f3nne \u010d\u00edslo, e-mail, objednan\u00fd tovar a jeho cena, v minulosti dodan\u00e9 tovary, \u010d\u00edslo bankov\u00e9ho \u00fa\u010dtu, \u010d\u00edslo a d\u00e1tum objedn\u00e1vky, \u00fadaje o vykonanej platbe, pr\u00e1va na z\u013eavy a sie\u0165ov\u00e9 \u00fadaje.<\/li>\n<li>Pred\u00e1vaj\u00faci zabezpe\u010d\u00ed, aby zhroma\u017eden\u00e9 osobn\u00e9 \u00fadaje boli sprac\u00favan\u00e9 vo forme umo\u017e\u0148uj\u00facej identifik\u00e1ciu Dotknut\u00fdch os\u00f4b po\u010das doby nie dlh\u0161ej, ako je nevyhnutn\u00e9 na dosiahnutie \u00fa\u010delu sprac\u00favania. V pr\u00edpade, ak Dotknut\u00e1 osoba poskytla svoj dobrovo\u013en\u00fd s\u00fahlas so sprac\u00favan\u00edm osobn\u00fdch \u00fadajov, Pred\u00e1vaj\u00faci je opr\u00e1vnen\u00fd sprac\u00fava\u0165 \u00fadaje len po dobu platnosti tohto s\u00fahlasu.<\/li>\n<li>Pred\u00e1vaj\u00faci poveril sprac\u00favan\u00edm osobn\u00fdch \u00fadajov sprostredkovate\u013eov v zmysle \u00a7 8 Z\u00e1kona so s\u00eddlom v Slovenskej republike alebo inom \u010dlenskom \u0161t\u00e1te Eur\u00f3pskej \u00fanie resp. \u0161t\u00e1te, ktor\u00fd je zmluvnou stranou Dohovoru o eur\u00f3pskom hospod\u00e1rskom priestore.<\/li>\n<li>Vy\u0161\u0161ie uveden\u00e9 osobn\u00e9 \u00fadaje m\u00f4\u017eu by\u0165 na z\u00e1klade osobitn\u00fdch z\u00e1konov poskytnut\u00e9 tret\u00edm stran\u00e1m, najm\u00e4 sprostredkovate\u013eovi, podniku poskytuj\u00facemu po\u0161tov\u00e9 a\/alebo kuri\u00e9rske slu\u017eby, podniku poskytuj\u00facemu elektronick\u00e9 komunika\u010dn\u00e9 slu\u017eby, advok\u00e1tskej kancel\u00e1rii, da\u0148ov\u00e9mu poradcovi, banke, s\u00fadom, exek\u00fatorovi, da\u0148ov\u00e9mu \u00faradu, alebo in\u00fdm opr\u00e1vnen\u00fdm subjektom v zmysle \u00a7 10 ods. 2 Z\u00e1kona. Osobn\u00e9 \u00fadaje m\u00f4\u017eu by\u0165 spr\u00edstupnen\u00e9 pracovn\u00edkom spolo\u010dnost\u00ed v obchodnej skupine Pred\u00e1vaj\u00faceho na mana\u017e\u00e9rskych funkci\u00e1ch za \u00fa\u010delom zabezpe\u010denia intern\u00e9ho fungovania a kontroly Pred\u00e1vaj\u00faceho.<\/li>\n<li>Dotknut\u00e9 osoby maj\u00fa najm\u00e4 pr\u00e1vo na z\u00e1klade p\u00edsomnej \u017eiadosti od Pred\u00e1vaj\u00faceho vy\u017eadova\u0165 inform\u00e1cie o stave sprac\u00favania svojich osobn\u00fdch \u00fadajov, inform\u00e1cie o zdroji, z ktor\u00e9ho Pred\u00e1vaj\u00faci osobn\u00e9 \u00fadaje z\u00edskal, zoznam svojich osobn\u00fdch \u00fadajov, ktor\u00e9 s\u00fa predmetom sprac\u00favania, opravu alebo likvid\u00e1ciu nespr\u00e1vnych, ne\u00fapln\u00fdch alebo neaktu\u00e1lnych \u00fadajov, likvid\u00e1ciu osobn\u00fdch \u00fadajov, ak bol splnen\u00fd \u00fa\u010del sprac\u00favania alebo ak by do\u0161lo k poru\u0161eniu z\u00e1kona, blokovanie osobn\u00fdch \u00fadajov z d\u00f4vodu odvolania s\u00fahlasu pred uplynut\u00edm \u010dasu jeho platnosti; na z\u00e1klade p\u00edsomnej \u017eiadosti alebo osobne, ak vec neznesie odklad, u Pred\u00e1vaj\u00faceho kedyko\u013evek namieta\u0165 a nepodrobi\u0165 sa rozhodnutiu Pred\u00e1vaj\u00faceho, ktor\u00e9 by malo pre neho pr\u00e1vne \u00fa\u010dinky alebo v\u00fdznamn\u00fd dosah, ak sa tak\u00e9 rozhodnutie vyd\u00e1 v\u00fdlu\u010dne na z\u00e1klade \u00fakonov automatizovan\u00e9ho sprac\u00favania jeho osobn\u00fdch \u00fadajov. Okrem toho sa Kupuj\u00faci resp. in\u00e1 dotknut\u00e1 osoba m\u00f4\u017ee s podnetom obr\u00e1ti\u0165 i priamo na \u00darad pre ochranu osobn\u00fdch \u00fadajov so s\u00eddlom Hrani\u010dn\u00e1 12, 820 07 Bratislava 27, Slovensk\u00e1 republika.<\/li>\n<li>Dotknut\u00e9 osoby m\u00f4\u017eu svoje uveden\u00e1 pr\u00e1va uplatni\u0165 prostredn\u00edctvom zaslania emailu na adresu:\u00a0<a href=\"mailto:balak@balak.sk\">balak@balak.sk<\/a> \u010di kontaktovan\u00edm z\u00e1kazn\u00edckeho oddelenia Pred\u00e1vaj\u00faceho zaslan\u00edm listu na adresu: , \u013dubovnianska 3155\/1, 85107 Bratislava-Petr\u017ealka, alebo telefonicky na \u010d\u00edsle:\u00a0<strong>0949 149 474<\/strong>.<\/li>\n<li>Ak nejde o sprac\u00favanie osobn\u00fdch \u00fadajov za \u00fa\u010delom vybavenia objedn\u00e1vky resp. in\u00fd \u00fakon, na ktor\u00fd sa nevy\u017eaduje s\u00fahlas so sprac\u00favan\u00edm osobn\u00fdch \u00fadajov, je poskytnutie osobn\u00fdch \u00fadajov dobrovo\u013en\u00e9, a ak Dotknut\u00e9 osoby udelili s\u00fahlas so sprac\u00favan\u00edm osobn\u00fdch \u00fadajov, tento m\u00f4\u017eu kedyko\u013evek odvola\u0165. Dotknut\u00e9 osoby ber\u00fa na vedomie, \u017ee pokia\u013e neposkytn\u00fa Pred\u00e1vaj\u00facemu osobn\u00e9 \u00fadaje alebo odvolaj\u00fa s\u00fahlas so sprac\u00favan\u00edm osobn\u00fdch \u00fadajov, Pred\u00e1vaj\u00faci m\u00f4\u017ee vykona\u0165 spracovate\u013esk\u00e9 oper\u00e1cie, ku ktor\u00fdm sa s\u00fahlas so sprac\u00favan\u00edm osobn\u00fdch \u00fadajov nevy\u017eaduje.<\/li>\n<\/ul>\n<p>[\/vc_column_text][\/vc_column][\/vc_row]<\/p>\n<\/div>","protected":false},"excerpt":{"rendered":"<p>[vc_row][vc_column][vc_column_text css=&#8221;&#8221; css_params=&#8221;&#8221;] V\u00e1\u017een\u00fd klient, Aby sme v\u00e1m mohli vypracova\u0165 cenov\u00fa ponuku a spracova\u0165 Va\u0161u objedn\u00e1vku potrebujeme Va\u0161e osobn\u00e9 \u00fadaje. Bezpe\u010dnos\u0165 Va\u0161ich \u00fadajov a ich spracovanie z\u00e1konn\u00fdm sp\u00f4sobom je pre n\u00e1s prvorad\u00e9. Tu sa dozviete ako Va\u0161e osobn\u00e9 \u00fadaje sprac\u00favame a ako zabezpe\u010dujeme ich bezpe\u010dnos\u0165. Va\u0161e osobn\u00e9 \u00fadaje sprac\u00fava na\u0161a spolo\u010dnos\u0165: Ing. Martin Bal\u00e1\u017e \u2013 [&hellip;]<\/p>\n","protected":false},"author":1,"featured_media":0,"parent":0,"menu_order":0,"comment_status":"closed","ping_status":"closed","template":"","meta":{"footnotes":""},"class_list":["post-15092","page","type-page","status-publish","hentry"],"yoast_head":"<!-- This site is optimized with the Yoast SEO plugin v26.8 - https:\/\/yoast.com\/product\/yoast-seo-wordpress\/ -->\n<title>Privacy Policy - Balak<\/title>\n<meta name=\"robots\" content=\"index, follow, max-snippet:-1, max-image-preview:large, max-video-preview:-1\" \/>\n<link rel=\"canonical\" href=\"https:\/\/www.balak.sk\/en\/privacy-policy\/\" \/>\n<meta property=\"og:locale\" content=\"en_US\" \/>\n<meta property=\"og:type\" content=\"article\" \/>\n<meta property=\"og:title\" content=\"Privacy Policy - Balak\" \/>\n<meta property=\"og:description\" content=\"[vc_row][vc_column][vc_column_text css=&#8221;&#8221; css_params=&#8221;&#8221;] V\u00e1\u017een\u00fd klient, Aby sme v\u00e1m mohli vypracova\u0165 cenov\u00fa ponuku a spracova\u0165 Va\u0161u objedn\u00e1vku potrebujeme Va\u0161e osobn\u00e9 \u00fadaje. Bezpe\u010dnos\u0165 Va\u0161ich \u00fadajov a ich spracovanie z\u00e1konn\u00fdm sp\u00f4sobom je pre n\u00e1s prvorad\u00e9. Tu sa dozviete ako Va\u0161e osobn\u00e9 \u00fadaje sprac\u00favame a ako zabezpe\u010dujeme ich bezpe\u010dnos\u0165. Va\u0161e osobn\u00e9 \u00fadaje sprac\u00fava na\u0161a spolo\u010dnos\u0165: Ing. Martin Bal\u00e1\u017e \u2013 [&hellip;]\" \/>\n<meta property=\"og:url\" content=\"https:\/\/www.balak.sk\/en\/privacy-policy\/\" \/>\n<meta property=\"og:site_name\" content=\"Balak\" \/>\n<meta property=\"article:publisher\" content=\"https:\/\/www.facebook.com\/balaksro\" \/>\n<meta property=\"article:modified_time\" content=\"2025-10-08T07:13:22+00:00\" \/>\n<meta property=\"og:image\" content=\"https:\/\/www.balak.sk\/wp-content\/uploads\/2023\/05\/Balak-logo-retina.png\" \/>\n\t<meta property=\"og:image:width\" content=\"340\" \/>\n\t<meta property=\"og:image:height\" content=\"120\" \/>\n\t<meta property=\"og:image:type\" content=\"image\/png\" \/>\n<meta name=\"twitter:card\" content=\"summary_large_image\" \/>\n<meta name=\"twitter:label1\" content=\"Est. reading time\" \/>\n\t<meta name=\"twitter:data1\" content=\"4 minutes\" \/>\n<script type=\"application\/ld+json\" class=\"yoast-schema-graph\">{\"@context\":\"https:\/\/schema.org\",\"@graph\":[{\"@type\":\"WebPage\",\"@id\":\"https:\/\/www.balak.sk\/en\/privacy-policy\/\",\"url\":\"https:\/\/www.balak.sk\/en\/privacy-policy\/\",\"name\":\"Privacy Policy - Balak\",\"isPartOf\":{\"@id\":\"https:\/\/www.balak.sk\/en\/#website\"},\"datePublished\":\"2023-05-10T19:25:43+00:00\",\"dateModified\":\"2025-10-08T07:13:22+00:00\",\"breadcrumb\":{\"@id\":\"https:\/\/www.balak.sk\/en\/privacy-policy\/#breadcrumb\"},\"inLanguage\":\"en-US\",\"potentialAction\":[{\"@type\":\"ReadAction\",\"target\":[\"https:\/\/www.balak.sk\/en\/privacy-policy\/\"]}]},{\"@type\":\"BreadcrumbList\",\"@id\":\"https:\/\/www.balak.sk\/en\/privacy-policy\/#breadcrumb\",\"itemListElement\":[{\"@type\":\"ListItem\",\"position\":1,\"name\":\"Domovsk\u00e1 str\u00e1nka\",\"item\":\"https:\/\/www.balak.sk\/en\/home\/\"},{\"@type\":\"ListItem\",\"position\":2,\"name\":\"Privacy Policy\"}]},{\"@type\":\"WebSite\",\"@id\":\"https:\/\/www.balak.sk\/en\/#website\",\"url\":\"https:\/\/www.balak.sk\/en\/\",\"name\":\"Balak s.r.o.\",\"description\":\"\u0160pecializovan\u00fd a profesion\u00e1lny ve\u013ekoobchod\",\"publisher\":{\"@id\":\"https:\/\/www.balak.sk\/en\/#organization\"},\"alternateName\":\"Ve\u013ekoobchod Balak\",\"potentialAction\":[{\"@type\":\"SearchAction\",\"target\":{\"@type\":\"EntryPoint\",\"urlTemplate\":\"https:\/\/www.balak.sk\/en\/?s={search_term_string}\"},\"query-input\":{\"@type\":\"PropertyValueSpecification\",\"valueRequired\":true,\"valueName\":\"search_term_string\"}}],\"inLanguage\":\"en-US\"},{\"@type\":\"Organization\",\"@id\":\"https:\/\/www.balak.sk\/en\/#organization\",\"name\":\"Balak s.r.o.\",\"url\":\"https:\/\/www.balak.sk\/en\/\",\"logo\":{\"@type\":\"ImageObject\",\"inLanguage\":\"en-US\",\"@id\":\"https:\/\/www.balak.sk\/en\/#\/schema\/logo\/image\/\",\"url\":\"https:\/\/www.balak.sk\/wp-content\/uploads\/2023\/05\/Balak-logo-retina.png\",\"contentUrl\":\"https:\/\/www.balak.sk\/wp-content\/uploads\/2023\/05\/Balak-logo-retina.png\",\"width\":340,\"height\":120,\"caption\":\"Balak s.r.o.\"},\"image\":{\"@id\":\"https:\/\/www.balak.sk\/en\/#\/schema\/logo\/image\/\"},\"sameAs\":[\"https:\/\/www.facebook.com\/balaksro\",\"https:\/\/www.youtube.com\/@balakvelkoobchod3260\",\"https:\/\/www.instagram.com\/balakvelkoobchod\/\"]}]}<\/script>\n<!-- \/ Yoast SEO plugin. -->","yoast_head_json":{"title":"Privacy Policy - Balak","robots":{"index":"index","follow":"follow","max-snippet":"max-snippet:-1","max-image-preview":"max-image-preview:large","max-video-preview":"max-video-preview:-1"},"canonical":"https:\/\/www.balak.sk\/en\/privacy-policy\/","og_locale":"en_US","og_type":"article","og_title":"Privacy Policy - Balak","og_description":"[vc_row][vc_column][vc_column_text css=&#8221;&#8221; css_params=&#8221;&#8221;] V\u00e1\u017een\u00fd klient, Aby sme v\u00e1m mohli vypracova\u0165 cenov\u00fa ponuku a spracova\u0165 Va\u0161u objedn\u00e1vku potrebujeme Va\u0161e osobn\u00e9 \u00fadaje. Bezpe\u010dnos\u0165 Va\u0161ich \u00fadajov a ich spracovanie z\u00e1konn\u00fdm sp\u00f4sobom je pre n\u00e1s prvorad\u00e9. Tu sa dozviete ako Va\u0161e osobn\u00e9 \u00fadaje sprac\u00favame a ako zabezpe\u010dujeme ich bezpe\u010dnos\u0165. Va\u0161e osobn\u00e9 \u00fadaje sprac\u00fava na\u0161a spolo\u010dnos\u0165: Ing. Martin Bal\u00e1\u017e \u2013 [&hellip;]","og_url":"https:\/\/www.balak.sk\/en\/privacy-policy\/","og_site_name":"Balak","article_publisher":"https:\/\/www.facebook.com\/balaksro","article_modified_time":"2025-10-08T07:13:22+00:00","og_image":[{"width":340,"height":120,"url":"https:\/\/www.balak.sk\/wp-content\/uploads\/2023\/05\/Balak-logo-retina.png","type":"image\/png"}],"twitter_card":"summary_large_image","twitter_misc":{"Est. reading time":"4 minutes"},"schema":{"@context":"https:\/\/schema.org","@graph":[{"@type":"WebPage","@id":"https:\/\/www.balak.sk\/en\/privacy-policy\/","url":"https:\/\/www.balak.sk\/en\/privacy-policy\/","name":"Privacy Policy - Balak","isPartOf":{"@id":"https:\/\/www.balak.sk\/en\/#website"},"datePublished":"2023-05-10T19:25:43+00:00","dateModified":"2025-10-08T07:13:22+00:00","breadcrumb":{"@id":"https:\/\/www.balak.sk\/en\/privacy-policy\/#breadcrumb"},"inLanguage":"en-US","potentialAction":[{"@type":"ReadAction","target":["https:\/\/www.balak.sk\/en\/privacy-policy\/"]}]},{"@type":"BreadcrumbList","@id":"https:\/\/www.balak.sk\/en\/privacy-policy\/#breadcrumb","itemListElement":[{"@type":"ListItem","position":1,"name":"Domovsk\u00e1 str\u00e1nka","item":"https:\/\/www.balak.sk\/en\/home\/"},{"@type":"ListItem","position":2,"name":"Privacy Policy"}]},{"@type":"WebSite","@id":"https:\/\/www.balak.sk\/en\/#website","url":"https:\/\/www.balak.sk\/en\/","name":"Balak s.r.o.","description":"\u0160pecializovan\u00fd a profesion\u00e1lny ve\u013ekoobchod","publisher":{"@id":"https:\/\/www.balak.sk\/en\/#organization"},"alternateName":"Ve\u013ekoobchod Balak","potentialAction":[{"@type":"SearchAction","target":{"@type":"EntryPoint","urlTemplate":"https:\/\/www.balak.sk\/en\/?s={search_term_string}"},"query-input":{"@type":"PropertyValueSpecification","valueRequired":true,"valueName":"search_term_string"}}],"inLanguage":"en-US"},{"@type":"Organization","@id":"https:\/\/www.balak.sk\/en\/#organization","name":"Balak s.r.o.","url":"https:\/\/www.balak.sk\/en\/","logo":{"@type":"ImageObject","inLanguage":"en-US","@id":"https:\/\/www.balak.sk\/en\/#\/schema\/logo\/image\/","url":"https:\/\/www.balak.sk\/wp-content\/uploads\/2023\/05\/Balak-logo-retina.png","contentUrl":"https:\/\/www.balak.sk\/wp-content\/uploads\/2023\/05\/Balak-logo-retina.png","width":340,"height":120,"caption":"Balak s.r.o."},"image":{"@id":"https:\/\/www.balak.sk\/en\/#\/schema\/logo\/image\/"},"sameAs":["https:\/\/www.facebook.com\/balaksro","https:\/\/www.youtube.com\/@balakvelkoobchod3260","https:\/\/www.instagram.com\/balakvelkoobchod\/"]}]}},"_links":{"self":[{"href":"https:\/\/www.balak.sk\/en\/wp-json\/wp\/v2\/pages\/15092","targetHints":{"allow":["GET"]}}],"collection":[{"href":"https:\/\/www.balak.sk\/en\/wp-json\/wp\/v2\/pages"}],"about":[{"href":"https:\/\/www.balak.sk\/en\/wp-json\/wp\/v2\/types\/page"}],"author":[{"embeddable":true,"href":"https:\/\/www.balak.sk\/en\/wp-json\/wp\/v2\/users\/1"}],"replies":[{"embeddable":true,"href":"https:\/\/www.balak.sk\/en\/wp-json\/wp\/v2\/comments?post=15092"}],"version-history":[{"count":2,"href":"https:\/\/www.balak.sk\/en\/wp-json\/wp\/v2\/pages\/15092\/revisions"}],"predecessor-version":[{"id":30179,"href":"https:\/\/www.balak.sk\/en\/wp-json\/wp\/v2\/pages\/15092\/revisions\/30179"}],"wp:attachment":[{"href":"https:\/\/www.balak.sk\/en\/wp-json\/wp\/v2\/media?parent=15092"}],"curies":[{"name":"wp","href":"https:\/\/api.w.org\/{rel}","templated":true}]}}